{"id":2512,"date":"2022-02-24T20:50:59","date_gmt":"2022-02-24T17:50:59","guid":{"rendered":"https:\/\/dizdarsteel.com\/feza-2-5mm\/"},"modified":"2023-01-26T05:28:09","modified_gmt":"2023-01-26T02:28:09","slug":"feza-2-5mm","status":"publish","type":"page","link":"https:\/\/dizdarsteel.com\/ru\/%d0%bd%d0%b0%d1%88%d0%b8-%d0%bf%d1%80%d0%be%d0%b4%d1%83%d0%ba%d1%82%d1%8b\/%d0%b2%d0%b8%d0%bb%d0%ba%d0%b0-%d0%bb%d0%be%d0%b6%d0%ba%d0%b0-%d0%bd%d0%be%d0%b6\/feza-2-5mm\/","title":{"rendered":"Feza \/ 2.5mm"},"content":{"rendered":"<p>[et_pb_section fb_built=&#187;1&#8243; admin_label=&#187;section&#187; _builder_version=&#187;4.16&#8243; global_colors_info=&#187;{}&#187;][et_pb_row column_structure=&#187;1_2,1_2&#8243; use_custom_gutter=&#187;on&#187; gutter_width=&#187;2&#8243; make_equal=&#187;on&#187; _builder_version=&#187;4.16&#8243; _module_preset=&#187;default&#187; width=&#187;70%&#187; width_tablet=&#187;90%&#187; width_phone=&#187;90%&#187; width_last_edited=&#187;on|tablet&#187; max_width=&#187;1200px&#187; max_width_tablet=&#187;90%&#187; max_width_phone=&#187;90%&#187; max_width_last_edited=&#187;on|desktop&#187; custom_padding=&#187;40px||40px||true|false&#187; locked=&#187;off&#187; global_colors_info=&#187;{}&#187;][et_pb_column type=&#187;1_2&#8243; _builder_version=&#187;4.16&#8243; _module_preset=&#187;default&#187; custom_padding_tablet=&#187;||60px||false|false&#187; custom_padding_phone=&#187;||60px||false|false&#187; custom_padding_last_edited=&#187;on|phone&#187; animation_style=&#187;slide&#187; animation_delay=&#187;500ms&#187; global_colors_info=&#187;{}&#187;][et_pb_text _builder_version=&#187;4.19.5&#8243; _module_preset=&#187;default&#187; header_4_font=&#187;Rajdhani|700||on|||||&#187; header_4_text_align=&#187;left&#187; header_4_text_color=&#187;#222222&#8243; header_4_font_size=&#187;40px&#187; custom_margin_tablet=&#187;-10px||||false|false&#187; custom_margin_phone=&#187;-10px||||false|false&#187; custom_margin_last_edited=&#187;on|phone&#187; global_colors_info=&#187;{}&#187;]<\/p>\n<h4>\u0421\u041f\u0415\u0426\u0418\u0424\u0418\u041a\u0410\u0426\u0418\u042f \u041f\u0420\u041e\u0414\u0423\u041a\u0422\u0410<\/h4>\n<p>[\/et_pb_text][et_pb_text _builder_version=&#187;4.16&#8243; _module_preset=&#187;default&#187; text_font=&#187;Roboto Condensed||||||||&#187; text_text_color=&#187;#888888&#8243; text_font_size=&#187;15px&#187; text_line_height=&#187;1.8em&#187; custom_margin=&#187;-5px||||false|false&#187; custom_margin_tablet=&#187;-15px||||false|false&#187; custom_margin_phone=&#187;-15px||||false|false&#187; custom_margin_last_edited=&#187;on|phone&#187; custom_padding=&#187;|23px|||false|false&#187; custom_padding_tablet=&#187;|0px|||false|false&#187; custom_padding_phone=&#187;|0px|||false|false&#187; custom_padding_last_edited=&#187;on|phone&#187; global_colors_info=&#187;{}&#187;]<\/p>\n<ul>\n<li style=\"font-weight: 400;\" aria-level=\"1\">\u0422\u043e\u043b\u0449\u0438\u043d\u0430: 2,50 \u043c\u043c<\/li>\n<li style=\"font-weight: 400;\" aria-level=\"1\">\u0418\u0437\u0433\u043e\u0442\u043e\u0432\u043b\u0435\u043d \u0438\u0437 \u0432\u044b\u0441\u043e\u043a\u043e\u043a\u0430\u0447\u0435\u0441\u0442\u0432\u0435\u043d\u043d\u043e\u0439 \u043d\u0435\u0440\u0436\u0430\u0432\u0435\u044e\u0449\u0435\u0439 \u0441\u0442\u0430\u043b\u0438 18\/10 AISI 304<\/li>\n<li style=\"font-weight: 400;\" aria-level=\"1\">\u041d\u043e\u0436\u0438 \u0438\u0437\u0433\u043e\u0442\u043e\u0432\u043b\u0435\u043d\u044b \u043a\u0430\u043a \u0446\u0435\u043b\u044c\u043d\u0430\u044f \u0434\u0435\u0442\u0430\u043b\u044c<\/li>\n<li style=\"font-weight: 400;\" aria-level=\"1\">\u041f\u043e\u0432\u0435\u0440\u0445\u043d\u043e\u0441\u0442\u044c \u043e\u0442\u043f\u043e\u043b\u0438\u0440\u043e\u0432\u0430\u043d\u0430 \u0434\u043e \u0431\u043b\u0435\u0441\u043a\u0430<\/li>\n<li style=\"font-weight: 400;\" aria-level=\"1\">\u0411\u0435\u0437\u043e\u043f\u0430\u0441\u043d\u044b \u0434\u043b\u044f \u043c\u044b\u0442\u044c\u044f \u0432 \u043f\u043e\u0441\u0443\u0434\u043e\u043c\u043e\u0435\u0447\u043d\u043e\u0439 \u043c\u0430\u0448\u0438\u043d\u0435<\/li>\n<li style=\"font-weight: 400;\" aria-level=\"1\">10 \u0440\u0430\u0437\u043d\u043e\u0432\u0438\u0434\u043d\u043e\u0441\u0442\u0435\u0439 \u0432 \u043a\u043e\u043b\u043b\u0435\u043a\u0446\u0438\u0438<\/li>\n<li style=\"font-weight: 400;\" aria-level=\"1\">\u0412\u043e\u0437\u043c\u043e\u0436\u043d\u043e\u0441\u0442\u044c \u043d\u0430\u043d\u0435\u0441\u0435\u043d\u0438\u044f \u043f\u0432\u0434-\u043f\u043e\u043a\u0440\u044b\u0442\u0438\u044f<\/li>\n<li style=\"font-weight: 400;\" aria-level=\"1\">12 \u0448\u0442\u0443\u043a \u0432 \u043a\u043e\u0440\u043e\u0431\u043a\u0435<\/li>\n<\/ul>\n<p>[\/et_pb_text][\/et_pb_column][et_pb_column type=&#187;1_2&#8243; _builder_version=&#187;4.16&#8243; _module_preset=&#187;default&#187; background_color=&#187;#ffffff&#187; custom_padding=&#187;||30px||false|false&#187; animation_style=&#187;slide&#187; animation_delay=&#187;750ms&#187; border_width_bottom=&#187;4px&#187; border_color_bottom=&#187;#0058a6&#8243; global_colors_info=&#187;{}&#187; border_color_bottom__hover_enabled=&#187;off|hover&#187; border_color_bottom__hover=&#187;#FEBC35&#8243;][et_pb_image src=&#187;https:\/\/dizdarsteel.com\/wp-content\/uploads\/2022\/03\/Feza-2017.jpg&#187; title_text=&#187;Feza 2017&#8243; _builder_version=&#187;4.16&#8243; _module_preset=&#187;default&#187; global_colors_info=&#187;{}&#187;][\/et_pb_image][\/et_pb_column][\/et_pb_row][et_pb_row _builder_version=&#187;4.16&#8243; _module_preset=&#187;default&#187; global_colors_info=&#187;{}&#187;][et_pb_column type=&#187;4_4&#8243; _builder_version=&#187;4.16&#8243; _module_preset=&#187;default&#187; global_colors_info=&#187;{}&#187;][et_pb_code _builder_version=&#187;4.16&#8243; _module_preset=&#187;default&#187; global_colors_info=&#187;{}&#187;]\n<table id=\"tablepress-11\" class=\"tablepress tablepress-id-11\">\n<thead>\n<tr class=\"row-1 odd\">\n\t<th class=\"column-1\">\u00dcr\u00fcn Kod \/ CODE<\/th><th class=\"column-2\">\u00dcr\u00fcn A\u00e7\u0131klama \/ Type<\/th><th class=\"column-3\">Model<\/th><th class=\"column-4\">Uzunluk \/ Lenght mm<\/th>\n<\/tr>\n<\/thead>\n<tbody class=\"row-hover\">\n<tr class=\"row-2 even\">\n\t<td class=\"column-1\">2 1 8 0 1 1<\/td><td class=\"column-2\">Yemek \u00c7atal \/ Table Fork<\/td><td class=\"column-3\">Feza<\/td><td class=\"column-4\">194<\/td>\n<\/tr>\n<tr class=\"row-3 odd\">\n\t<td class=\"column-1\">2 1 8 0 1 8<\/td><td class=\"column-2\">Yemek Ka\u015f\u0131k \/ Table Spoon<\/td><td class=\"column-3\">Feza<\/td><td class=\"column-4\">194<\/td>\n<\/tr>\n<tr class=\"row-4 even\">\n\t<td class=\"column-1\">2 1 8 0 2 5<\/td><td class=\"column-2\">Yemek B\u0131\u00e7ak \/ Table Knife<\/td><td class=\"column-3\">Feza<\/td><td class=\"column-4\">206<\/td>\n<\/tr>\n<tr class=\"row-5 odd\">\n\t<td class=\"column-1\">2 1 8 0 6 5<\/td><td class=\"column-2\">Ord\u00f6vr \u00c7atal \/ Appetizer Fork<\/td><td class=\"column-3\">Feza<\/td><td class=\"column-4\">183<\/td>\n<\/tr>\n<tr class=\"row-6 even\">\n\t<td class=\"column-1\">2 1 8 0 6 4<\/td><td class=\"column-2\">Ord\u00f6vr Ka\u015f\u0131k \/ Appetizer Spoon<\/td><td class=\"column-3\">Feza<\/td><td class=\"column-4\">183<\/td>\n<\/tr>\n<tr class=\"row-7 odd\">\n\t<td class=\"column-1\">2 1 8 0 3 2<\/td><td class=\"column-2\">Tatl\u0131 \u00c7atal \/ Dessert Fork<\/td><td class=\"column-3\">Feza<\/td><td class=\"column-4\">151<\/td>\n<\/tr>\n<tr class=\"row-8 even\">\n\t<td class=\"column-1\">2 1 8 0 4 9<\/td><td class=\"column-2\">Tatl\u0131 Ka\u015f\u0131k \/ Dessert Spoon<\/td><td class=\"column-3\">Feza<\/td><td class=\"column-4\">151<\/td>\n<\/tr>\n<tr class=\"row-9 odd\">\n\t<td class=\"column-1\">2 1 8 0 5 6<\/td><td class=\"column-2\">Tatl\u0131 B\u0131\u00e7ak \/ Dessert Knife<\/td><td class=\"column-3\">Feza<\/td><td class=\"column-4\">185<\/td>\n<\/tr>\n<tr class=\"row-10 even\">\n\t<td class=\"column-1\">2 1 8 0 6 3<\/td><td class=\"column-2\">\u00c7ay Ka\u015f\u0131k \/ Demi Tasse Spoon<\/td><td class=\"column-3\">Feza<\/td><td class=\"column-4\">107<\/td>\n<\/tr>\n<tr class=\"row-11 odd\">\n\t<td class=\"column-1\">2 1 8 0 5 0<\/td><td class=\"column-2\">Kahve Ka\u015f\u0131k \/ Coffee Spoon<\/td><td class=\"column-3\">Feza<\/td><td class=\"column-4\">130<\/td>\n<\/tr>\n<\/tbody>\n<\/table>\n<!-- #tablepress-11 from cache -->[\/et_pb_code][\/et_pb_column][\/et_pb_row][et_pb_row _builder_version=&#187;4.16&#8243; _module_preset=&#187;default&#187; locked=&#187;off&#187; global_colors_info=&#187;{}&#187;][et_pb_column type=&#187;4_4&#8243; _builder_version=&#187;4.16&#8243; _module_preset=&#187;default&#187; global_colors_info=&#187;{}&#187;][et_pb_text _builder_version=&#187;4.19.5&#8243; _module_preset=&#187;default&#187; hover_enabled=&#187;0&#8243; global_colors_info=&#187;{}&#187; sticky_enabled=&#187;0&#8243;]<\/p>\n<h2>\u0413\u0430\u043b\u0435\u0440\u0435\u044f<\/h2>\n<p>[\/et_pb_text][dipl_masonry_gallery image_ids=&#187;879,880&#8243; number_of_columns=&#187;3&#8243; image_size=&#187;full&#187; enable_lightbox=&#187;on&#187; _builder_version=&#187;4.16&#8243; _module_preset=&#187;default&#187; global_colors_info=&#187;{}&#187;][\/dipl_masonry_gallery][\/et_pb_column][\/et_pb_row][\/et_pb_section]<\/p>\n","protected":false},"excerpt":{"rendered":"<p>\u0421\u041f\u0415\u0426\u0418\u0424\u0418\u041a\u0410\u0426\u0418\u042f \u041f\u0420\u041e\u0414\u0423\u041a\u0422\u0410 \u0422\u043e\u043b\u0449\u0438\u043d\u0430: 2,50 \u043c\u043c \u0418\u0437\u0433\u043e\u0442\u043e\u0432\u043b\u0435\u043d \u0438\u0437 \u0432\u044b\u0441\u043e\u043a\u043e\u043a\u0430\u0447\u0435\u0441\u0442\u0432\u0435\u043d\u043d\u043e\u0439 \u043d\u0435\u0440\u0436\u0430\u0432\u0435\u044e\u0449\u0435\u0439 \u0441\u0442\u0430\u043b\u0438 18\/10 AISI 304 \u041d\u043e\u0436\u0438 \u0438\u0437\u0433\u043e\u0442\u043e\u0432\u043b\u0435\u043d\u044b \u043a\u0430\u043a \u0446\u0435\u043b\u044c\u043d\u0430\u044f \u0434\u0435\u0442\u0430\u043b\u044c \u041f\u043e\u0432\u0435\u0440\u0445\u043d\u043e\u0441\u0442\u044c \u043e\u0442\u043f\u043e\u043b\u0438\u0440\u043e\u0432\u0430\u043d\u0430 \u0434\u043e \u0431\u043b\u0435\u0441\u043a\u0430 \u0411\u0435\u0437\u043e\u043f\u0430\u0441\u043d\u044b \u0434\u043b\u044f \u043c\u044b\u0442\u044c\u044f \u0432 \u043f\u043e\u0441\u0443\u0434\u043e\u043c\u043e\u0435\u0447\u043d\u043e\u0439 \u043c\u0430\u0448\u0438\u043d\u0435 10 \u0440\u0430\u0437\u043d\u043e\u0432\u0438\u0434\u043d\u043e\u0441\u0442\u0435\u0439 \u0432 \u043a\u043e\u043b\u043b\u0435\u043a\u0446\u0438\u0438 \u0412\u043e\u0437\u043c\u043e\u0436\u043d\u043e\u0441\u0442\u044c \u043d\u0430\u043d\u0435\u0441\u0435\u043d\u0438\u044f \u043f\u0432\u0434-\u043f\u043e\u043a\u0440\u044b\u0442\u0438\u044f 12 \u0448\u0442\u0443\u043a \u0432 \u043a\u043e\u0440\u043e\u0431\u043a\u0435 \n<table id=\"tablepress-11-no-2\" class=\"tablepress tablepress-id-11\">\n<thead>\n<tr class=\"row-1 odd\">\n\t<th class=\"column-1\">\u00dcr\u00fcn Kod \/ CODE<\/th><th class=\"column-2\">\u00dcr\u00fcn A\u00e7\u0131klama \/ Type<\/th><th class=\"column-3\">Model<\/th><th class=\"column-4\">Uzunluk \/ Lenght mm<\/th>\n<\/tr>\n<\/thead>\n<tbody class=\"row-hover\">\n<tr class=\"row-2 even\">\n\t<td class=\"column-1\">2 1 8 0 1 1<\/td><td class=\"column-2\">Yemek \u00c7atal \/ Table Fork<\/td><td class=\"column-3\">Feza<\/td><td class=\"column-4\">194<\/td>\n<\/tr>\n<tr class=\"row-3 odd\">\n\t<td class=\"column-1\">2 1 8 0 1 8<\/td><td class=\"column-2\">Yemek Ka\u015f\u0131k \/ Table Spoon<\/td><td class=\"column-3\">Feza<\/td><td class=\"column-4\">194<\/td>\n<\/tr>\n<tr class=\"row-4 even\">\n\t<td class=\"column-1\">2 1 8 0 2 5<\/td><td class=\"column-2\">Yemek B\u0131\u00e7ak \/ Table Knife<\/td><td class=\"column-3\">Feza<\/td><td class=\"column-4\">206<\/td>\n<\/tr>\n<tr class=\"row-5 odd\">\n\t<td class=\"column-1\">2 1 8 0 6 5<\/td><td class=\"column-2\">Ord\u00f6vr \u00c7atal \/ Appetizer Fork<\/td><td class=\"column-3\">Feza<\/td><td class=\"column-4\">183<\/td>\n<\/tr>\n<tr class=\"row-6 even\">\n\t<td class=\"column-1\">2 1 8 0 6 4<\/td><td class=\"column-2\">Ord\u00f6vr Ka\u015f\u0131k \/ Appetizer Spoon<\/td><td class=\"column-3\">Feza<\/td><td class=\"column-4\">183<\/td>\n<\/tr>\n<tr class=\"row-7 odd\">\n\t<td class=\"column-1\">2 1 8 0 3 2<\/td><td class=\"column-2\">Tatl\u0131 \u00c7atal \/ Dessert Fork<\/td><td class=\"column-3\">Feza<\/td><td class=\"column-4\">151<\/td>\n<\/tr>\n<tr class=\"row-8 even\">\n\t<td class=\"column-1\">2 1 8 0 4 9<\/td><td class=\"column-2\">Tatl\u0131 Ka\u015f\u0131k \/ Dessert Spoon<\/td><td class=\"column-3\">Feza<\/td><td class=\"column-4\">151<\/td>\n<\/tr>\n<tr class=\"row-9 odd\">\n\t<td class=\"column-1\">2 1 8 0 5 6<\/td><td class=\"column-2\">Tatl\u0131 B\u0131\u00e7ak \/ Dessert Knife<\/td><td class=\"column-3\">Feza<\/td><td class=\"column-4\">185<\/td>\n<\/tr>\n<tr class=\"row-10 even\">\n\t<td class=\"column-1\">2 1 8 0 6 3<\/td><td class=\"column-2\">\u00c7ay Ka\u015f\u0131k \/ Demi Tasse Spoon<\/td><td class=\"column-3\">Feza<\/td><td class=\"column-4\">107<\/td>\n<\/tr>\n<tr class=\"row-11 odd\">\n\t<td class=\"column-1\">2 1 8 0 5 0<\/td><td class=\"column-2\">Kahve Ka\u015f\u0131k \/ Coffee Spoon<\/td><td class=\"column-3\">Feza<\/td><td class=\"column-4\">130<\/td>\n<\/tr>\n<\/tbody>\n<\/table>\n<!-- #tablepress-11-no-2 from cache -->\u0413\u0430\u043b\u0435\u0440\u0435\u044f<div class=\"et_pb_module dipl_masonry_gallery dipl_masonry_gallery_0\">\n\t\t\t\t\n\t\t\t\t\n\t\t\t\t\n\t\t\t\t\n\t\t\t\t\n\t\t\t\t\n\t\t\t\t<div class=\"et_pb_module_inner\">\n\t\t\t\t\t<div class=\"dipl_masonry_gallery_wrapper\">\n\t\t\t\t<div class=\"dipl_masonry_gallery_item_gutter\"><\/div>\n\t\t\t\t<a href=\"https:\/\/dizdarsteel.com\/wp-content\/uploads\/2022\/03\/Feza-2017.jpg\" class=\"dipl_masonry_gallery_item\">\n\t\t\t\t\t\t<div class=\"dipl_masonry_gallery_image_wrapper\"><img width=\"1920\" height=\"1280\" src=\"https:\/\/dizdarsteel.com\/wp-content\/uploads\/2022\/03\/Feza-2017.jpg\" class=\"attachment-full size-full no-lazyload skip-lazy\" alt=\"\" decoding=\"async\" loading=\"lazy\" srcset=\"https:\/\/dizdarsteel.com\/wp-content\/uploads\/2022\/03\/Feza-2017.jpg 1920w, https:\/\/dizdarsteel.com\/wp-content\/uploads\/2022\/03\/Feza-2017-1280x853.jpg 1280w, https:\/\/dizdarsteel.com\/wp-content\/uploads\/2022\/03\/Feza-2017-980x653.jpg 980w, https:\/\/dizdarsteel.com\/wp-content\/uploads\/2022\/03\/Feza-2017-480x320.jpg 480w\" sizes=\"auto, (min-width: 0px) and (max-width: 480px) 480px, (min-width: 481px) and (max-width: 980px) 980px, (min-width: 981px) and (max-width: 1280px) 1280px, (min-width: 1281px) 1920px, 100vw\" \/> <\/div>\n\t\t\t\t\t\t\n\t\t\t\t\t<\/a><a href=\"https:\/\/dizdarsteel.com\/wp-content\/uploads\/2022\/03\/Feza.jpg\" class=\"dipl_masonry_gallery_item\">\n\t\t\t\t\t\t<div class=\"dipl_masonry_gallery_image_wrapper\"><img width=\"1920\" height=\"1280\" src=\"https:\/\/dizdarsteel.com\/wp-content\/uploads\/2022\/03\/Feza.jpg\" class=\"attachment-full size-full no-lazyload skip-lazy\" alt=\"\" decoding=\"async\" loading=\"lazy\" srcset=\"https:\/\/dizdarsteel.com\/wp-content\/uploads\/2022\/03\/Feza.jpg 1920w, https:\/\/dizdarsteel.com\/wp-content\/uploads\/2022\/03\/Feza-1280x853.jpg 1280w, https:\/\/dizdarsteel.com\/wp-content\/uploads\/2022\/03\/Feza-980x653.jpg 980w, https:\/\/dizdarsteel.com\/wp-content\/uploads\/2022\/03\/Feza-480x320.jpg 480w\" sizes=\"auto, (min-width: 0px) and (max-width: 480px) 480px, (min-width: 481px) and (max-width: 980px) 980px, (min-width: 981px) and (max-width: 1280px) 1280px, (min-width: 1281px) 1920px, 100vw\" \/> <\/div>\n\t\t\t\t\t\t\n\t\t\t\t\t<\/a>\n\t\t\t<\/div>\n\t\t\t\t<\/div>\n\t\t\t<\/div><\/p>\n","protected":false},"author":1,"featured_media":0,"parent":2576,"menu_order":0,"comment_status":"closed","ping_status":"closed","template":"","meta":{"_et_pb_use_builder":"on","_et_pb_old_content":"","_et_gb_content_width":"","footnotes":""},"dipi_cpt_category":[],"class_list":["post-2512","page","type-page","status-publish","hentry"],"_links":{"self":[{"href":"https:\/\/dizdarsteel.com\/ru\/wp-json\/wp\/v2\/pages\/2512","targetHints":{"allow":["GET"]}}],"collection":[{"href":"https:\/\/dizdarsteel.com\/ru\/wp-json\/wp\/v2\/pages"}],"about":[{"href":"https:\/\/dizdarsteel.com\/ru\/wp-json\/wp\/v2\/types\/page"}],"author":[{"embeddable":true,"href":"https:\/\/dizdarsteel.com\/ru\/wp-json\/wp\/v2\/users\/1"}],"replies":[{"embeddable":true,"href":"https:\/\/dizdarsteel.com\/ru\/wp-json\/wp\/v2\/comments?post=2512"}],"version-history":[{"count":3,"href":"https:\/\/dizdarsteel.com\/ru\/wp-json\/wp\/v2\/pages\/2512\/revisions"}],"predecessor-version":[{"id":3121,"href":"https:\/\/dizdarsteel.com\/ru\/wp-json\/wp\/v2\/pages\/2512\/revisions\/3121"}],"up":[{"embeddable":true,"href":"https:\/\/dizdarsteel.com\/ru\/wp-json\/wp\/v2\/pages\/2576"}],"wp:attachment":[{"href":"https:\/\/dizdarsteel.com\/ru\/wp-json\/wp\/v2\/media?parent=2512"}],"wp:term":[{"taxonomy":"dipi_cpt_category","embeddable":true,"href":"https:\/\/dizdarsteel.com\/ru\/wp-json\/wp\/v2\/dipi_cpt_category?post=2512"}],"curies":[{"name":"wp","href":"https:\/\/api.w.org\/{rel}","templated":true}]}}