{"id":2505,"date":"2022-02-24T20:52:48","date_gmt":"2022-02-24T17:52:48","guid":{"rendered":"https:\/\/dizdarsteel.com\/nil-2mm\/"},"modified":"2023-01-26T04:43:52","modified_gmt":"2023-01-26T01:43:52","slug":"nil-2mm","status":"publish","type":"page","link":"https:\/\/dizdarsteel.com\/ru\/%d0%bd%d0%b0%d1%88%d0%b8-%d0%bf%d1%80%d0%be%d0%b4%d1%83%d0%ba%d1%82%d1%8b\/%d0%b2%d0%b8%d0%bb%d0%ba%d0%b0-%d0%bb%d0%be%d0%b6%d0%ba%d0%b0-%d0%bd%d0%be%d0%b6\/nil-2mm\/","title":{"rendered":"Nil \/ 2mm"},"content":{"rendered":"<p>[et_pb_section fb_built=&#187;1&#8243; admin_label=&#187;section&#187; _builder_version=&#187;4.16&#8243; global_colors_info=&#187;{}&#187;][et_pb_row column_structure=&#187;1_2,1_2&#8243; use_custom_gutter=&#187;on&#187; gutter_width=&#187;2&#8243; make_equal=&#187;on&#187; _builder_version=&#187;4.16&#8243; _module_preset=&#187;default&#187; width=&#187;70%&#187; width_tablet=&#187;90%&#187; width_phone=&#187;90%&#187; width_last_edited=&#187;on|tablet&#187; max_width=&#187;1200px&#187; max_width_tablet=&#187;90%&#187; max_width_phone=&#187;90%&#187; max_width_last_edited=&#187;on|desktop&#187; custom_padding=&#187;40px||40px||true|false&#187; locked=&#187;off&#187; global_colors_info=&#187;{}&#187;][et_pb_column type=&#187;1_2&#8243; _builder_version=&#187;4.16&#8243; _module_preset=&#187;default&#187; custom_padding_tablet=&#187;||60px||false|false&#187; custom_padding_phone=&#187;||60px||false|false&#187; custom_padding_last_edited=&#187;on|phone&#187; animation_style=&#187;slide&#187; animation_delay=&#187;500ms&#187; global_colors_info=&#187;{}&#187;][et_pb_text _builder_version=&#187;4.19.5&#8243; _module_preset=&#187;default&#187; header_4_font=&#187;Rajdhani|700||on|||||&#187; header_4_text_align=&#187;left&#187; header_4_text_color=&#187;#222222&#8243; header_4_font_size=&#187;40px&#187; custom_margin_tablet=&#187;-10px||||false|false&#187; custom_margin_phone=&#187;-10px||||false|false&#187; custom_margin_last_edited=&#187;on|phone&#187; hover_enabled=&#187;0&#8243; global_colors_info=&#187;{}&#187; sticky_enabled=&#187;0&#8243;]<\/p>\n<h4>\u0421\u041f\u0415\u0426\u0418\u0424\u0418\u041a\u0410\u0426\u0418\u042f \u041f\u0420\u041e\u0414\u0423\u041a\u0422\u0410<\/h4>\n<p>[\/et_pb_text][et_pb_text _builder_version=&#187;4.16&#8243; _module_preset=&#187;default&#187; text_font=&#187;Roboto Condensed||||||||&#187; text_text_color=&#187;#888888&#8243; text_font_size=&#187;15px&#187; text_line_height=&#187;1.8em&#187; custom_margin=&#187;-5px||||false|false&#187; custom_margin_tablet=&#187;-15px||||false|false&#187; custom_margin_phone=&#187;-15px||||false|false&#187; custom_margin_last_edited=&#187;on|phone&#187; custom_padding=&#187;|23px|||false|false&#187; custom_padding_tablet=&#187;|0px|||false|false&#187; custom_padding_phone=&#187;|0px|||false|false&#187; custom_padding_last_edited=&#187;on|phone&#187; hover_enabled=&#187;0&#8243; global_colors_info=&#187;{}&#187; sticky_enabled=&#187;0&#8243;]<\/p>\n<ul>\n<li>Thickness: 2.00 mm<\/li>\n<li>Made from 18\/0 AISI 430 stainless steel quality<\/li>\n<li>Knives are produced as one-piece<\/li>\n<li>The surface has been polished to a high shine<\/li>\n<li>Dishwasher safe<\/li>\n<li>3 varieties available in the collection<\/li>\n<li>Pvd coating option available<\/li>\n<li>12 pieces in a box<\/li>\n<\/ul>\n<p>[\/et_pb_text][\/et_pb_column][et_pb_column type=&#187;1_2&#8243; _builder_version=&#187;4.16&#8243; _module_preset=&#187;default&#187; background_color=&#187;#ffffff&#187; custom_padding=&#187;||30px||false|false&#187; animation_style=&#187;slide&#187; animation_delay=&#187;750ms&#187; border_width_bottom=&#187;4px&#187; border_color_bottom=&#187;#0058a6&#8243; global_colors_info=&#187;{}&#187; border_color_bottom__hover_enabled=&#187;off|hover&#187; border_color_bottom__hover=&#187;#FEBC35&#8243;][et_pb_image src=&#187;https:\/\/dizdarsteel.com\/wp-content\/uploads\/2022\/03\/Nil.jpg&#187; title_text=&#187;Nil&#187; _builder_version=&#187;4.16&#8243; _module_preset=&#187;default&#187; global_colors_info=&#187;{}&#187;][\/et_pb_image][\/et_pb_column][\/et_pb_row][et_pb_row _builder_version=&#187;4.16&#8243; _module_preset=&#187;default&#187; global_colors_info=&#187;{}&#187;][et_pb_column type=&#187;4_4&#8243; _builder_version=&#187;4.16&#8243; _module_preset=&#187;default&#187; global_colors_info=&#187;{}&#187;][et_pb_code _builder_version=&#187;4.16&#8243; _module_preset=&#187;default&#187; global_colors_info=&#187;{}&#187;]\n<table id=\"tablepress-12\" class=\"tablepress tablepress-id-12\">\n<thead>\n<tr class=\"row-1 odd\">\n\t<th class=\"column-1\">\u00dcr\u00fcn Kod \/ CODE<\/th><th class=\"column-2\">\u00dcr\u00fcn A\u00e7\u0131klama \/ Type<\/th><th class=\"column-3\">Model<\/th><th class=\"column-4\">Uzunluk \/ Lenght mm<\/th>\n<\/tr>\n<\/thead>\n<tbody class=\"row-hover\">\n<tr class=\"row-2 even\">\n\t<td class=\"column-1\">2 1 9 0 0 8<\/td><td class=\"column-2\">Yemek \u00c7atal \/ Table Fork (430 Kalite - 430 Quality)<\/td><td class=\"column-3\">Nil<\/td><td class=\"column-4\">191<\/td>\n<\/tr>\n<tr class=\"row-3 odd\">\n\t<td class=\"column-1\">2 1 9 0 1 5<\/td><td class=\"column-2\">Yemek Ka\u015f\u0131k \/ Table Spoon (430 Kalite - 430 Quality)<\/td><td class=\"column-3\">Nil<\/td><td class=\"column-4\">191<\/td>\n<\/tr>\n<tr class=\"row-4 even\">\n\t<td class=\"column-1\">2 1 9 0 2 2<\/td><td class=\"column-2\">Yemek B\u0131\u00e7ak \/ Table Knife (430 Kalite - 430 Quality)<\/td><td class=\"column-3\">Nil<\/td><td class=\"column-4\">208<\/td>\n<\/tr>\n<\/tbody>\n<\/table>\n[\/et_pb_code][\/et_pb_column][\/et_pb_row][et_pb_row _builder_version=&#187;4.16&#8243; _module_preset=&#187;default&#187; locked=&#187;off&#187; global_colors_info=&#187;{}&#187;][et_pb_column type=&#187;4_4&#8243; _builder_version=&#187;4.16&#8243; _module_preset=&#187;default&#187; global_colors_info=&#187;{}&#187;][et_pb_text _builder_version=&#187;4.19.5&#8243; _module_preset=&#187;default&#187; hover_enabled=&#187;0&#8243; global_colors_info=&#187;{}&#187; sticky_enabled=&#187;0&#8243;]<\/p>\n<h2>\u0413\u0430\u043b\u0435\u0440\u0435\u044f<\/h2>\n<p>[\/et_pb_text][dipl_masonry_gallery image_ids=&#187;887,888&#8243; number_of_columns=&#187;3&#8243; image_size=&#187;full&#187; enable_lightbox=&#187;on&#187; _builder_version=&#187;4.16&#8243; _module_preset=&#187;default&#187; global_colors_info=&#187;{}&#187;][\/dipl_masonry_gallery][\/et_pb_column][\/et_pb_row][\/et_pb_section]<\/p>\n","protected":false},"excerpt":{"rendered":"<p>\u0421\u041f\u0415\u0426\u0418\u0424\u0418\u041a\u0410\u0426\u0418\u042f \u041f\u0420\u041e\u0414\u0423\u041a\u0422\u0410 Thickness: 2.00 mm Made from 18\/0 AISI 430 stainless steel quality Knives are produced as one-piece The surface has been polished to a high shine Dishwasher safe 3 varieties available in the collection Pvd coating option available 12 pieces in a box \n<table id=\"tablepress-12-no-2\" class=\"tablepress tablepress-id-12\">\n<thead>\n<tr class=\"row-1 odd\">\n\t<th class=\"column-1\">\u00dcr\u00fcn Kod \/ CODE<\/th><th class=\"column-2\">\u00dcr\u00fcn A\u00e7\u0131klama \/ Type<\/th><th class=\"column-3\">Model<\/th><th class=\"column-4\">Uzunluk \/ Lenght mm<\/th>\n<\/tr>\n<\/thead>\n<tbody class=\"row-hover\">\n<tr class=\"row-2 even\">\n\t<td class=\"column-1\">2 1 9 0 0 8<\/td><td class=\"column-2\">Yemek \u00c7atal \/ Table Fork (430 Kalite - 430 Quality)<\/td><td class=\"column-3\">Nil<\/td><td class=\"column-4\">191<\/td>\n<\/tr>\n<tr class=\"row-3 odd\">\n\t<td class=\"column-1\">2 1 9 0 1 5<\/td><td class=\"column-2\">Yemek Ka\u015f\u0131k \/ Table Spoon (430 Kalite - 430 Quality)<\/td><td class=\"column-3\">Nil<\/td><td class=\"column-4\">191<\/td>\n<\/tr>\n<tr class=\"row-4 even\">\n\t<td class=\"column-1\">2 1 9 0 2 2<\/td><td class=\"column-2\">Yemek B\u0131\u00e7ak \/ Table Knife (430 Kalite - 430 Quality)<\/td><td class=\"column-3\">Nil<\/td><td class=\"column-4\">208<\/td>\n<\/tr>\n<\/tbody>\n<\/table>\n\u0413\u0430\u043b\u0435\u0440\u0435\u044f<div class=\"et_pb_module dipl_masonry_gallery dipl_masonry_gallery_0\">\n\t\t\t\t\n\t\t\t\t\n\t\t\t\t\n\t\t\t\t\n\t\t\t\t\n\t\t\t\t\n\t\t\t\t<div class=\"et_pb_module_inner\">\n\t\t\t\t\t<div class=\"dipl_masonry_gallery_wrapper\">\n\t\t\t\t<div class=\"dipl_masonry_gallery_item_gutter\"><\/div>\n\t\t\t\t<a href=\"https:\/\/dizdarsteel.com\/wp-content\/uploads\/2022\/03\/Nil-2017.jpg\" class=\"dipl_masonry_gallery_item\">\n\t\t\t\t\t\t<div class=\"dipl_masonry_gallery_image_wrapper\"><img width=\"1920\" height=\"1280\" src=\"https:\/\/dizdarsteel.com\/wp-content\/uploads\/2022\/03\/Nil-2017.jpg\" class=\"attachment-full size-full no-lazyload skip-lazy\" alt=\"\" decoding=\"async\" loading=\"lazy\" srcset=\"https:\/\/dizdarsteel.com\/wp-content\/uploads\/2022\/03\/Nil-2017.jpg 1920w, https:\/\/dizdarsteel.com\/wp-content\/uploads\/2022\/03\/Nil-2017-1280x853.jpg 1280w, https:\/\/dizdarsteel.com\/wp-content\/uploads\/2022\/03\/Nil-2017-980x653.jpg 980w, https:\/\/dizdarsteel.com\/wp-content\/uploads\/2022\/03\/Nil-2017-480x320.jpg 480w\" sizes=\"auto, (min-width: 0px) and (max-width: 480px) 480px, (min-width: 481px) and (max-width: 980px) 980px, (min-width: 981px) and (max-width: 1280px) 1280px, (min-width: 1281px) 1920px, 100vw\" \/> <\/div>\n\t\t\t\t\t\t\n\t\t\t\t\t<\/a><a href=\"https:\/\/dizdarsteel.com\/wp-content\/uploads\/2022\/03\/Nil.jpg\" class=\"dipl_masonry_gallery_item\">\n\t\t\t\t\t\t<div class=\"dipl_masonry_gallery_image_wrapper\"><img width=\"1920\" height=\"1280\" src=\"https:\/\/dizdarsteel.com\/wp-content\/uploads\/2022\/03\/Nil.jpg\" class=\"attachment-full size-full no-lazyload skip-lazy\" alt=\"\" decoding=\"async\" loading=\"lazy\" srcset=\"https:\/\/dizdarsteel.com\/wp-content\/uploads\/2022\/03\/Nil.jpg 1920w, https:\/\/dizdarsteel.com\/wp-content\/uploads\/2022\/03\/Nil-1280x853.jpg 1280w, https:\/\/dizdarsteel.com\/wp-content\/uploads\/2022\/03\/Nil-980x653.jpg 980w, https:\/\/dizdarsteel.com\/wp-content\/uploads\/2022\/03\/Nil-480x320.jpg 480w\" sizes=\"auto, (min-width: 0px) and (max-width: 480px) 480px, (min-width: 481px) and (max-width: 980px) 980px, (min-width: 981px) and (max-width: 1280px) 1280px, (min-width: 1281px) 1920px, 100vw\" \/> <\/div>\n\t\t\t\t\t\t\n\t\t\t\t\t<\/a>\n\t\t\t<\/div>\n\t\t\t\t<\/div>\n\t\t\t<\/div><\/p>\n","protected":false},"author":1,"featured_media":0,"parent":2576,"menu_order":0,"comment_status":"closed","ping_status":"closed","template":"","meta":{"_et_pb_use_builder":"on","_et_pb_old_content":"","_et_gb_content_width":"","footnotes":""},"dipi_cpt_category":[],"class_list":["post-2505","page","type-page","status-publish","hentry"],"_links":{"self":[{"href":"https:\/\/dizdarsteel.com\/ru\/wp-json\/wp\/v2\/pages\/2505","targetHints":{"allow":["GET"]}}],"collection":[{"href":"https:\/\/dizdarsteel.com\/ru\/wp-json\/wp\/v2\/pages"}],"about":[{"href":"https:\/\/dizdarsteel.com\/ru\/wp-json\/wp\/v2\/types\/page"}],"author":[{"embeddable":true,"href":"https:\/\/dizdarsteel.com\/ru\/wp-json\/wp\/v2\/users\/1"}],"replies":[{"embeddable":true,"href":"https:\/\/dizdarsteel.com\/ru\/wp-json\/wp\/v2\/comments?post=2505"}],"version-history":[{"count":1,"href":"https:\/\/dizdarsteel.com\/ru\/wp-json\/wp\/v2\/pages\/2505\/revisions"}],"predecessor-version":[{"id":3087,"href":"https:\/\/dizdarsteel.com\/ru\/wp-json\/wp\/v2\/pages\/2505\/revisions\/3087"}],"up":[{"embeddable":true,"href":"https:\/\/dizdarsteel.com\/ru\/wp-json\/wp\/v2\/pages\/2576"}],"wp:attachment":[{"href":"https:\/\/dizdarsteel.com\/ru\/wp-json\/wp\/v2\/media?parent=2505"}],"wp:term":[{"taxonomy":"dipi_cpt_category","embeddable":true,"href":"https:\/\/dizdarsteel.com\/ru\/wp-json\/wp\/v2\/dipi_cpt_category?post=2505"}],"curies":[{"name":"wp","href":"https:\/\/api.w.org\/{rel}","templated":true}]}}