{"id":2514,"date":"2022-02-24T20:50:59","date_gmt":"2022-02-24T17:50:59","guid":{"rendered":"https:\/\/dizdarsteel.com\/feza-2-5mm\/"},"modified":"2023-01-23T05:59:38","modified_gmt":"2023-01-23T02:59:38","slug":"feza-2-5mm","status":"publish","type":"page","link":"https:\/\/dizdarsteel.com\/fr\/nos-produits\/couteau-cuillere-fourchette\/feza-2-5mm\/","title":{"rendered":"Feza \/ 2.5mm"},"content":{"rendered":"<p>[et_pb_section fb_built=\u00a0\u00bb1&Prime; admin_label=\u00a0\u00bbsection\u00a0\u00bb _builder_version=\u00a0\u00bb4.16&Prime; global_colors_info=\u00a0\u00bb{}\u00a0\u00bb][et_pb_row column_structure=\u00a0\u00bb1_2,1_2&Prime; use_custom_gutter=\u00a0\u00bbon\u00a0\u00bb gutter_width=\u00a0\u00bb2&Prime; make_equal=\u00a0\u00bbon\u00a0\u00bb _builder_version=\u00a0\u00bb4.16&Prime; _module_preset=\u00a0\u00bbdefault\u00a0\u00bb width=\u00a0\u00bb70%\u00a0\u00bb width_tablet=\u00a0\u00bb90%\u00a0\u00bb width_phone=\u00a0\u00bb90%\u00a0\u00bb width_last_edited=\u00a0\u00bbon|tablet\u00a0\u00bb max_width=\u00a0\u00bb1200px\u00a0\u00bb max_width_tablet=\u00a0\u00bb90%\u00a0\u00bb max_width_phone=\u00a0\u00bb90%\u00a0\u00bb max_width_last_edited=\u00a0\u00bbon|desktop\u00a0\u00bb custom_padding=\u00a0\u00bb40px||40px||true|false\u00a0\u00bb locked=\u00a0\u00bboff\u00a0\u00bb global_colors_info=\u00a0\u00bb{}\u00a0\u00bb][et_pb_column type=\u00a0\u00bb1_2&Prime; _builder_version=\u00a0\u00bb4.16&Prime; _module_preset=\u00a0\u00bbdefault\u00a0\u00bb custom_padding_tablet=\u00a0\u00bb||60px||false|false\u00a0\u00bb custom_padding_phone=\u00a0\u00bb||60px||false|false\u00a0\u00bb custom_padding_last_edited=\u00a0\u00bbon|phone\u00a0\u00bb animation_style=\u00a0\u00bbslide\u00a0\u00bb animation_delay=\u00a0\u00bb500ms\u00a0\u00bb global_colors_info=\u00a0\u00bb{}\u00a0\u00bb][et_pb_text _builder_version=\u00a0\u00bb4.19.4&Prime; _module_preset=\u00a0\u00bbdefault\u00a0\u00bb header_4_font=\u00a0\u00bbRajdhani|700||on|||||\u00a0\u00bb header_4_text_align=\u00a0\u00bbleft\u00a0\u00bb header_4_text_color=\u00a0\u00bb#222222&Prime; header_4_font_size=\u00a0\u00bb40px\u00a0\u00bb custom_margin_tablet=\u00a0\u00bb-10px||||false|false\u00a0\u00bb custom_margin_phone=\u00a0\u00bb-10px||||false|false\u00a0\u00bb custom_margin_last_edited=\u00a0\u00bbon|phone\u00a0\u00bb hover_enabled=\u00a0\u00bb0&Prime; global_colors_info=\u00a0\u00bb{}\u00a0\u00bb sticky_enabled=\u00a0\u00bb0&Prime;]<\/p>\n<h4>CARACT\u00c9RISTIQUES DU PRODUIT<\/h4>\n<p>[\/et_pb_text][et_pb_text _builder_version=\u00a0\u00bb4.19.4&Prime; _module_preset=\u00a0\u00bbdefault\u00a0\u00bb text_font=\u00a0\u00bbRoboto Condensed||||||||\u00a0\u00bb text_text_color=\u00a0\u00bb#888888&Prime; text_font_size=\u00a0\u00bb15px\u00a0\u00bb text_line_height=\u00a0\u00bb1.8em\u00a0\u00bb custom_margin=\u00a0\u00bb-5px||||false|false\u00a0\u00bb custom_margin_tablet=\u00a0\u00bb-15px||||false|false\u00a0\u00bb custom_margin_phone=\u00a0\u00bb-15px||||false|false\u00a0\u00bb custom_margin_last_edited=\u00a0\u00bbon|phone\u00a0\u00bb custom_padding=\u00a0\u00bb|23px|||false|false\u00a0\u00bb custom_padding_tablet=\u00a0\u00bb|0px|||false|false\u00a0\u00bb custom_padding_phone=\u00a0\u00bb|0px|||false|false\u00a0\u00bb custom_padding_last_edited=\u00a0\u00bbon|phone\u00a0\u00bb hover_enabled=\u00a0\u00bb0&Prime; global_colors_info=\u00a0\u00bb{}\u00a0\u00bb sticky_enabled=\u00a0\u00bb0&Prime;]<\/p>\n<ul>\n<li style=\"font-weight: 400;\" aria-level=\"1\">\n<p>Epaisseur : 2,50 mm<\/p>\n<\/li>\n<li style=\"font-weight: 400;\" aria-level=\"1\">\n<p>Fabriqu\u00e9 en acier inoxydable de qualit\u00e9 18\/10 AISI 304.<\/p>\n<\/li>\n<li style=\"font-weight: 400;\" aria-level=\"1\">\n<p>Les couteaux sont produits en monoloque.<\/p>\n<\/li>\n<li style=\"font-weight: 400;\" aria-level=\"1\">\n<p>Un polissage brillant a \u00e9t\u00e9 appliqu\u00e9 sur la surface.<\/p>\n<\/li>\n<li style=\"font-weight: 400;\" aria-level=\"1\">\n<p>Il peut \u00eatre lav\u00e9 au lave-vaisselle.<\/p>\n<\/li>\n<li style=\"font-weight: 400;\" aria-level=\"1\">\n<p>Il existe 10 types de collection.<\/p>\n<\/li>\n<li style=\"font-weight: 400;\" aria-level=\"1\">\n<p>L&rsquo;option de rev\u00eatement Pvd est disponible.<\/p>\n<\/li>\n<li style=\"font-weight: 400;\" aria-level=\"1\">\n<p>Il y a 12 pi\u00e8ces dans une bo\u00eete.<\/p>\n<\/li>\n<\/ul>\n<p>[\/et_pb_text][\/et_pb_column][et_pb_column type=\u00a0\u00bb1_2&Prime; _builder_version=\u00a0\u00bb4.16&Prime; _module_preset=\u00a0\u00bbdefault\u00a0\u00bb background_color=\u00a0\u00bb#ffffff\u00a0\u00bb custom_padding=\u00a0\u00bb||30px||false|false\u00a0\u00bb animation_style=\u00a0\u00bbslide\u00a0\u00bb animation_delay=\u00a0\u00bb750ms\u00a0\u00bb border_width_bottom=\u00a0\u00bb4px\u00a0\u00bb border_color_bottom=\u00a0\u00bb#0058a6&Prime; global_colors_info=\u00a0\u00bb{}\u00a0\u00bb border_color_bottom__hover_enabled=\u00a0\u00bboff|hover\u00a0\u00bb border_color_bottom__hover=\u00a0\u00bb#FEBC35&Prime;][et_pb_image src=\u00a0\u00bbhttps:\/\/dizdarsteel.com\/wp-content\/uploads\/2022\/03\/Feza-2017.jpg\u00a0\u00bb title_text=\u00a0\u00bbFeza 2017&Prime; _builder_version=\u00a0\u00bb4.16&Prime; _module_preset=\u00a0\u00bbdefault\u00a0\u00bb global_colors_info=\u00a0\u00bb{}\u00a0\u00bb][\/et_pb_image][\/et_pb_column][\/et_pb_row][et_pb_row _builder_version=\u00a0\u00bb4.16&Prime; _module_preset=\u00a0\u00bbdefault\u00a0\u00bb global_colors_info=\u00a0\u00bb{}\u00a0\u00bb][et_pb_column type=\u00a0\u00bb4_4&Prime; _builder_version=\u00a0\u00bb4.16&Prime; _module_preset=\u00a0\u00bbdefault\u00a0\u00bb global_colors_info=\u00a0\u00bb{}\u00a0\u00bb][et_pb_code _builder_version=\u00a0\u00bb4.16&Prime; _module_preset=\u00a0\u00bbdefault\u00a0\u00bb global_colors_info=\u00a0\u00bb{}\u00a0\u00bb]\n<table id=\"tablepress-11\" class=\"tablepress tablepress-id-11\">\n<thead>\n<tr class=\"row-1 odd\">\n\t<th class=\"column-1\">\u00dcr\u00fcn Kod \/ CODE<\/th><th class=\"column-2\">\u00dcr\u00fcn A\u00e7\u0131klama \/ Type<\/th><th class=\"column-3\">Model<\/th><th class=\"column-4\">Uzunluk \/ Lenght mm<\/th>\n<\/tr>\n<\/thead>\n<tbody class=\"row-hover\">\n<tr class=\"row-2 even\">\n\t<td class=\"column-1\">2 1 8 0 1 1<\/td><td class=\"column-2\">Yemek \u00c7atal \/ Table Fork<\/td><td class=\"column-3\">Feza<\/td><td class=\"column-4\">194<\/td>\n<\/tr>\n<tr class=\"row-3 odd\">\n\t<td class=\"column-1\">2 1 8 0 1 8<\/td><td class=\"column-2\">Yemek Ka\u015f\u0131k \/ Table Spoon<\/td><td class=\"column-3\">Feza<\/td><td class=\"column-4\">194<\/td>\n<\/tr>\n<tr class=\"row-4 even\">\n\t<td class=\"column-1\">2 1 8 0 2 5<\/td><td class=\"column-2\">Yemek B\u0131\u00e7ak \/ Table Knife<\/td><td class=\"column-3\">Feza<\/td><td class=\"column-4\">206<\/td>\n<\/tr>\n<tr class=\"row-5 odd\">\n\t<td class=\"column-1\">2 1 8 0 6 5<\/td><td class=\"column-2\">Ord\u00f6vr \u00c7atal \/ Appetizer Fork<\/td><td class=\"column-3\">Feza<\/td><td class=\"column-4\">183<\/td>\n<\/tr>\n<tr class=\"row-6 even\">\n\t<td class=\"column-1\">2 1 8 0 6 4<\/td><td class=\"column-2\">Ord\u00f6vr Ka\u015f\u0131k \/ Appetizer Spoon<\/td><td class=\"column-3\">Feza<\/td><td class=\"column-4\">183<\/td>\n<\/tr>\n<tr class=\"row-7 odd\">\n\t<td class=\"column-1\">2 1 8 0 3 2<\/td><td class=\"column-2\">Tatl\u0131 \u00c7atal \/ Dessert Fork<\/td><td class=\"column-3\">Feza<\/td><td class=\"column-4\">151<\/td>\n<\/tr>\n<tr class=\"row-8 even\">\n\t<td class=\"column-1\">2 1 8 0 4 9<\/td><td class=\"column-2\">Tatl\u0131 Ka\u015f\u0131k \/ Dessert Spoon<\/td><td class=\"column-3\">Feza<\/td><td class=\"column-4\">151<\/td>\n<\/tr>\n<tr class=\"row-9 odd\">\n\t<td class=\"column-1\">2 1 8 0 5 6<\/td><td class=\"column-2\">Tatl\u0131 B\u0131\u00e7ak \/ Dessert Knife<\/td><td class=\"column-3\">Feza<\/td><td class=\"column-4\">185<\/td>\n<\/tr>\n<tr class=\"row-10 even\">\n\t<td class=\"column-1\">2 1 8 0 6 3<\/td><td class=\"column-2\">\u00c7ay Ka\u015f\u0131k \/ Demi Tasse Spoon<\/td><td class=\"column-3\">Feza<\/td><td class=\"column-4\">107<\/td>\n<\/tr>\n<tr class=\"row-11 odd\">\n\t<td class=\"column-1\">2 1 8 0 5 0<\/td><td class=\"column-2\">Kahve Ka\u015f\u0131k \/ Coffee Spoon<\/td><td class=\"column-3\">Feza<\/td><td class=\"column-4\">130<\/td>\n<\/tr>\n<\/tbody>\n<\/table>\n<!-- #tablepress-11 from cache -->[\/et_pb_code][\/et_pb_column][\/et_pb_row][et_pb_row _builder_version=\u00a0\u00bb4.16&Prime; _module_preset=\u00a0\u00bbdefault\u00a0\u00bb locked=\u00a0\u00bboff\u00a0\u00bb global_colors_info=\u00a0\u00bb{}\u00a0\u00bb][et_pb_column type=\u00a0\u00bb4_4&Prime; _builder_version=\u00a0\u00bb4.16&Prime; _module_preset=\u00a0\u00bbdefault\u00a0\u00bb global_colors_info=\u00a0\u00bb{}\u00a0\u00bb][et_pb_text _builder_version=\u00a0\u00bb4.19.4&Prime; _module_preset=\u00a0\u00bbdefault\u00a0\u00bb hover_enabled=\u00a0\u00bb0&Prime; global_colors_info=\u00a0\u00bb{}\u00a0\u00bb sticky_enabled=\u00a0\u00bb0&Prime;]<\/p>\n<h2>Galerie<\/h2>\n<p>[\/et_pb_text][dipl_masonry_gallery image_ids=\u00a0\u00bb879,880&Prime; number_of_columns=\u00a0\u00bb3&Prime; image_size=\u00a0\u00bbfull\u00a0\u00bb enable_lightbox=\u00a0\u00bbon\u00a0\u00bb _builder_version=\u00a0\u00bb4.16&Prime; _module_preset=\u00a0\u00bbdefault\u00a0\u00bb global_colors_info=\u00a0\u00bb{}\u00a0\u00bb][\/dipl_masonry_gallery][\/et_pb_column][\/et_pb_row][\/et_pb_section]<\/p>\n","protected":false},"excerpt":{"rendered":"<p>CARACT\u00c9RISTIQUES DU PRODUIT Epaisseur : 2,50 mm Fabriqu\u00e9 en acier inoxydable de qualit\u00e9 18\/10 AISI 304. Les couteaux sont produits en monoloque. Un polissage brillant a \u00e9t\u00e9 appliqu\u00e9 sur la surface. Il peut \u00eatre lav\u00e9 au lave-vaisselle. Il existe 10 types de collection. L&rsquo;option de rev\u00eatement Pvd est disponible. Il y a 12 pi\u00e8ces dans [&hellip;]<\/p>\n","protected":false},"author":1,"featured_media":0,"parent":2578,"menu_order":0,"comment_status":"closed","ping_status":"closed","template":"","meta":{"_et_pb_use_builder":"on","_et_pb_old_content":"","_et_gb_content_width":"","footnotes":""},"dipi_cpt_category":[],"class_list":["post-2514","page","type-page","status-publish","hentry"],"_links":{"self":[{"href":"https:\/\/dizdarsteel.com\/fr\/wp-json\/wp\/v2\/pages\/2514","targetHints":{"allow":["GET"]}}],"collection":[{"href":"https:\/\/dizdarsteel.com\/fr\/wp-json\/wp\/v2\/pages"}],"about":[{"href":"https:\/\/dizdarsteel.com\/fr\/wp-json\/wp\/v2\/types\/page"}],"author":[{"embeddable":true,"href":"https:\/\/dizdarsteel.com\/fr\/wp-json\/wp\/v2\/users\/1"}],"replies":[{"embeddable":true,"href":"https:\/\/dizdarsteel.com\/fr\/wp-json\/wp\/v2\/comments?post=2514"}],"version-history":[{"count":2,"href":"https:\/\/dizdarsteel.com\/fr\/wp-json\/wp\/v2\/pages\/2514\/revisions"}],"predecessor-version":[{"id":2936,"href":"https:\/\/dizdarsteel.com\/fr\/wp-json\/wp\/v2\/pages\/2514\/revisions\/2936"}],"up":[{"embeddable":true,"href":"https:\/\/dizdarsteel.com\/fr\/wp-json\/wp\/v2\/pages\/2578"}],"wp:attachment":[{"href":"https:\/\/dizdarsteel.com\/fr\/wp-json\/wp\/v2\/media?parent=2514"}],"wp:term":[{"taxonomy":"dipi_cpt_category","embeddable":true,"href":"https:\/\/dizdarsteel.com\/fr\/wp-json\/wp\/v2\/dipi_cpt_category?post=2514"}],"curies":[{"name":"wp","href":"https:\/\/api.w.org\/{rel}","templated":true}]}}