{"id":2602,"date":"2022-01-31T04:26:19","date_gmt":"2022-01-31T01:26:19","guid":{"rendered":"https:\/\/dizdarsteel.com\/urunlerimiz\/"},"modified":"2023-01-21T01:28:15","modified_gmt":"2023-01-20T22:28:15","slug":"our-products","status":"publish","type":"page","link":"https:\/\/dizdarsteel.com\/en\/our-products\/","title":{"rendered":"Our Products"},"content":{"rendered":"<p>[et_pb_section fb_built=&#8221;1&#8243; _builder_version=&#8221;4.16&#8243; _module_preset=&#8221;default&#8221; background_color=&#8221;#0058a6&#8243; custom_padding=&#8221;0px||0px||true|false&#8221; saved_tabs=&#8221;all&#8221; locked=&#8221;off&#8221; global_colors_info=&#8221;{}&#8221;][et_pb_row column_structure=&#8221;1_3,1_3,1_3&#8243; _builder_version=&#8221;4.16&#8243; _module_preset=&#8221;default&#8221; global_colors_info=&#8221;{}&#8221;][et_pb_column type=&#8221;1_3&#8243; _builder_version=&#8221;4.16&#8243; _module_preset=&#8221;default&#8221; custom_padding=&#8221;|||&#8221; global_colors_info=&#8221;{}&#8221; custom_padding__hover=&#8221;|||&#8221;][\/et_pb_column][et_pb_column type=&#8221;1_3&#8243; _builder_version=&#8221;4.16&#8243; _module_preset=&#8221;default&#8221; custom_padding=&#8221;|||&#8221; global_colors_info=&#8221;{}&#8221; custom_padding__hover=&#8221;|||&#8221;][et_pb_post_title meta=&#8221;off&#8221; featured_image=&#8221;off&#8221; _builder_version=&#8221;4.16&#8243; _module_preset=&#8221;default&#8221; title_font=&#8221;|700||on|||||&#8221; title_text_align=&#8221;center&#8221; title_text_color=&#8221;#ffffff&#8221; title_font_size=&#8221;30px&#8221; title_font_size_tablet=&#8221;&#8221; title_font_size_phone=&#8221;20px&#8221; title_font_size_last_edited=&#8221;on|desktop&#8221; global_colors_info=&#8221;{}&#8221;][\/et_pb_post_title][et_pb_divider color=&#8221;#ffffff&#8221; _builder_version=&#8221;4.16&#8243; _module_preset=&#8221;default&#8221; global_colors_info=&#8221;{}&#8221;][\/et_pb_divider][et_pb_blurb _builder_version=&#8221;4.19.4&#8243; _module_preset=&#8221;default&#8221; body_font=&#8221;|600|||||||&#8221; body_font_size=&#8221;20px&#8221; text_orientation=&#8221;center&#8221; hover_enabled=&#8221;0&#8243; global_colors_info=&#8221;{}&#8221; body_text_color=&#8221;#FFFFFF&#8221; body_link_font=&#8221;|600|||||||&#8221; body_link_text_color=&#8221;#FFFFFF&#8221; sticky_enabled=&#8221;0&#8243;]<\/p>\n<p><span><nav aria-label=\"breadcrumbs\" class=\"rank-math-breadcrumb\"><p><span class=\"last\">Home<\/span><\/p><\/nav><\/span><\/p>\n<p>[\/et_pb_blurb][\/et_pb_column][et_pb_column type=&#8221;1_3&#8243; _builder_version=&#8221;4.16&#8243; _module_preset=&#8221;default&#8221; custom_padding=&#8221;|||&#8221; global_colors_info=&#8221;{}&#8221; custom_padding__hover=&#8221;|||&#8221;][\/et_pb_column][\/et_pb_row][\/et_pb_section][et_pb_section fb_built=&#8221;1&#8243; _builder_version=&#8221;4.16&#8243; _module_preset=&#8221;default&#8221; background_color=&#8221;#F2F8F9&#8243; custom_padding=&#8221;81px||81px||true|&#8221; locked=&#8221;off&#8221; global_colors_info=&#8221;{}&#8221;][et_pb_row use_custom_gutter=&#8221;on&#8221; gutter_width=&#8221;2&#8243; make_equal=&#8221;on&#8221; _builder_version=&#8221;4.16&#8243; _module_preset=&#8221;default&#8221; width=&#8221;98%&#8221; width_tablet=&#8221;90%&#8221; width_phone=&#8221;90%&#8221; width_last_edited=&#8221;on|phone&#8221; max_width=&#8221;1170px&#8221; max_width_tablet=&#8221;90%&#8221; max_width_phone=&#8221;90%&#8221; max_width_last_edited=&#8221;on|tablet&#8221; custom_padding=&#8221;|||||&#8221; global_colors_info=&#8221;{}&#8221;][et_pb_column type=&#8221;4_4&#8243; _builder_version=&#8221;4.16&#8243; _module_preset=&#8221;default&#8221; custom_padding=&#8221;|||&#8221; global_colors_info=&#8221;{}&#8221; custom_padding__hover=&#8221;|||&#8221;][et_pb_text _builder_version=&#8221;4.19.4&#8243; _module_preset=&#8221;aea9504d-c803-4f77-b4bb-2966c07d8cfe&#8221; header_font=&#8221;Teko|300|||||||&#8221; header_text_align=&#8221;center&#8221; header_text_color=&#8221;#071323&#8243; header_font_size=&#8221;53px&#8221; header_line_height=&#8221;1.1em&#8221; header_2_text_align=&#8221;center&#8221; max_width=&#8221;554px&#8221; module_alignment=&#8221;center&#8221; custom_margin=&#8221;-13px||&#8221; header_font_size_tablet=&#8221;&#8221; header_font_size_phone=&#8221;40px&#8221; header_font_size_last_edited=&#8221;on|desktop&#8221; global_colors_info=&#8221;{}&#8221;]<\/p>\n<h2>Product Groups<\/h2>\n<p>[\/et_pb_text][\/et_pb_column][\/et_pb_row][et_pb_row column_structure=&#8221;1_3,1_3,1_3&#8243; use_custom_gutter=&#8221;on&#8221; gutter_width=&#8221;2&#8243; make_equal=&#8221;on&#8221; padding_top_bottom_link_1=&#8221;true&#8221; padding_top_bottom_link_2=&#8221;true&#8221; padding_top_bottom_link_3=&#8221;true&#8221; padding_left_right_link_1=&#8221;true&#8221; padding_left_right_link_2=&#8221;true&#8221; padding_left_right_link_3=&#8221;true&#8221; _builder_version=&#8221;4.19.4&#8243; _module_preset=&#8221;default&#8221; width=&#8221;98%&#8221; width_tablet=&#8221;90%&#8221; width_phone=&#8221;90%&#8221; width_last_edited=&#8221;on|phone&#8221; max_width=&#8221;1170px&#8221; max_width_tablet=&#8221;90%&#8221; max_width_phone=&#8221;90%&#8221; max_width_last_edited=&#8221;on|tablet&#8221; custom_padding=&#8221;10px|||||&#8221; global_colors_info=&#8221;{}&#8221;][et_pb_column type=&#8221;1_3&#8243; _builder_version=&#8221;4.19.4&#8243; _module_preset=&#8221;default&#8221; background_color=&#8221;#ffffff&#8221; custom_padding=&#8221;12px|12px|12px|12px&#8221; link_option_url=&#8221;\/en\/our-products\/fork-spoon-knife\/&#8221; global_colors_info=&#8221;{}&#8221; custom_padding__hover=&#8221;|||&#8221;][et_pb_image src=&#8221;https:\/\/dizdarsteel.com\/wp-content\/uploads\/2022\/02\/Catal-Bicak-Kasik.jpg&#8221; title_text=&#8221;\u00c7atal-B\u0131\u00e7ak-Ka\u015f\u0131k&#8221; _builder_version=&#8221;4.19.4&#8243; _module_preset=&#8221;default&#8221; global_colors_info=&#8221;{}&#8221;][\/et_pb_image][et_pb_text _builder_version=&#8221;4.19.4&#8243; _module_preset=&#8221;default&#8221; text_font=&#8221;Rajdhani||||||||&#8221; text_text_color=&#8221;#525558&#8243; text_font_size=&#8221;16px&#8221; text_line_height=&#8221;1.8em&#8221; header_4_font=&#8221;||||||||&#8221; header_4_text_align=&#8221;center&#8221; header_4_text_color=&#8221;#071323&#8243; header_4_font_size=&#8221;26px&#8221; header_4_line_height=&#8221;1.5em&#8221; header_5_font=&#8221;||||||||&#8221; header_5_text_align=&#8221;center&#8221; header_5_text_color=&#8221;#007aff&#8221; header_5_font_size=&#8221;17px&#8221; header_5_line_height=&#8221;3.9em&#8221; text_orientation=&#8221;center&#8221; custom_padding=&#8221;11px|30px|0px|30px||true&#8221; text_text_align=&#8221;center&#8221; global_colors_info=&#8221;{}&#8221; header_4_text_color__hover_enabled=&#8221;on&#8221; header_4_text_color__hover=&#8221;#ff5e15&#8243;]<\/p>\n<h4><span style=\"font-weight: 400;\">Fork-Spoon-Knife<\/span><\/h4>\n<h5>SHOW PRODUCTS<\/h5>\n<p>[\/et_pb_text][\/et_pb_column][et_pb_column type=&#8221;1_3&#8243; _builder_version=&#8221;4.19.4&#8243; _module_preset=&#8221;default&#8221; background_color=&#8221;#ffffff&#8221; custom_padding=&#8221;12px|12px|12px|12px&#8221; link_option_url=&#8221;\/en\/our-products\/service-equipments\/&#8221; global_colors_info=&#8221;{}&#8221; custom_padding__hover=&#8221;|||&#8221;][et_pb_image src=&#8221;https:\/\/dizdarsteel.com\/wp-content\/uploads\/2022\/02\/Servis.jpg&#8221; title_text=&#8221;Servis&#8221; _builder_version=&#8221;4.16&#8243; _module_preset=&#8221;default&#8221; global_colors_info=&#8221;{}&#8221;][\/et_pb_image][et_pb_text _builder_version=&#8221;4.19.4&#8243; _module_preset=&#8221;default&#8221; text_font=&#8221;Rajdhani||||||||&#8221; text_text_color=&#8221;#525558&#8243; text_font_size=&#8221;16px&#8221; text_line_height=&#8221;1.8em&#8221; header_4_font=&#8221;||||||||&#8221; header_4_text_align=&#8221;center&#8221; header_4_text_color=&#8221;#071323&#8243; header_4_font_size=&#8221;26px&#8221; header_4_line_height=&#8221;1.5em&#8221; header_5_font=&#8221;||||||||&#8221; header_5_text_align=&#8221;center&#8221; header_5_text_color=&#8221;#007aff&#8221; header_5_font_size=&#8221;17px&#8221; header_5_line_height=&#8221;3.9em&#8221; text_orientation=&#8221;center&#8221; custom_padding=&#8221;11px|30px|0px|30px||true&#8221; text_text_align=&#8221;center&#8221; global_colors_info=&#8221;{}&#8221; header_4_text_color__hover_enabled=&#8221;on&#8221; header_4_text_color__hover=&#8221;#ff5e15&#8243;]<\/p>\n<h4><span style=\"font-weight: 400;\">Service<\/span><\/h4>\n<h5>SHOW PRODUCTS<\/h5>\n<p>[\/et_pb_text][\/et_pb_column][et_pb_column type=&#8221;1_3&#8243; _builder_version=&#8221;4.19.4&#8243; _module_preset=&#8221;default&#8221; background_color=&#8221;#ffffff&#8221; custom_padding=&#8221;12px|12px|12px|12px&#8221; link_option_url=&#8221;\/en\/our-products\/cooking-equipments\/&#8221; global_colors_info=&#8221;{}&#8221; custom_padding__hover=&#8221;|||&#8221;][et_pb_image src=&#8221;https:\/\/dizdarsteel.com\/wp-content\/uploads\/2022\/02\/Pisirme.jpg&#8221; title_text=&#8221;Pi\u015firme&#8221; _builder_version=&#8221;4.16&#8243; _module_preset=&#8221;default&#8221; global_colors_info=&#8221;{}&#8221;][\/et_pb_image][et_pb_text _builder_version=&#8221;4.19.4&#8243; _module_preset=&#8221;default&#8221; text_font=&#8221;Rajdhani||||||||&#8221; text_text_color=&#8221;#525558&#8243; text_font_size=&#8221;16px&#8221; text_line_height=&#8221;1.8em&#8221; header_4_font=&#8221;||||||||&#8221; header_4_text_align=&#8221;center&#8221; header_4_text_color=&#8221;#071323&#8243; header_4_font_size=&#8221;26px&#8221; header_4_line_height=&#8221;1.5em&#8221; header_5_font=&#8221;||||||||&#8221; header_5_text_align=&#8221;center&#8221; header_5_text_color=&#8221;#007aff&#8221; header_5_font_size=&#8221;17px&#8221; header_5_line_height=&#8221;3.9em&#8221; text_orientation=&#8221;center&#8221; custom_padding=&#8221;11px|30px|0px|30px||true&#8221; text_text_align=&#8221;center&#8221; global_colors_info=&#8221;{}&#8221; header_4_text_color__hover_enabled=&#8221;on&#8221; header_4_text_color__hover=&#8221;#ff5e15&#8243;]<\/p>\n<h4>Cooking<\/h4>\n<h5>SHOW PRODUCTS<\/h5>\n<p>[\/et_pb_text][\/et_pb_column][\/et_pb_row][et_pb_row column_structure=&#8221;1_3,1_3,1_3&#8243; use_custom_gutter=&#8221;on&#8221; gutter_width=&#8221;2&#8243; make_equal=&#8221;on&#8221; padding_top_bottom_link_1=&#8221;true&#8221; padding_top_bottom_link_2=&#8221;true&#8221; padding_top_bottom_link_3=&#8221;true&#8221; padding_left_right_link_1=&#8221;true&#8221; padding_left_right_link_2=&#8221;true&#8221; padding_left_right_link_3=&#8221;true&#8221; _builder_version=&#8221;4.19.4&#8243; _module_preset=&#8221;default&#8221; width=&#8221;98%&#8221; width_tablet=&#8221;90%&#8221; width_phone=&#8221;90%&#8221; width_last_edited=&#8221;on|phone&#8221; max_width=&#8221;1170px&#8221; max_width_tablet=&#8221;90%&#8221; max_width_phone=&#8221;90%&#8221; max_width_last_edited=&#8221;on|tablet&#8221; custom_padding=&#8221;10px|||||&#8221; global_colors_info=&#8221;{}&#8221;][et_pb_column type=&#8221;1_3&#8243; _builder_version=&#8221;4.19.4&#8243; _module_preset=&#8221;default&#8221; background_color=&#8221;#ffffff&#8221; custom_padding=&#8221;12px|12px|12px|12px&#8221; link_option_url=&#8221;\/en\/our-products\/carrying-equipments\/&#8221; global_colors_info=&#8221;{}&#8221; custom_padding__hover=&#8221;|||&#8221;][et_pb_image src=&#8221;https:\/\/dizdarsteel.com\/wp-content\/uploads\/2022\/02\/Tasima.jpg&#8221; title_text=&#8221;Ta\u015f\u0131ma&#8221; _builder_version=&#8221;4.16&#8243; _module_preset=&#8221;default&#8221; global_colors_info=&#8221;{}&#8221;][\/et_pb_image][et_pb_text _builder_version=&#8221;4.19.4&#8243; _module_preset=&#8221;default&#8221; text_font=&#8221;Rajdhani||||||||&#8221; text_text_color=&#8221;#525558&#8243; text_font_size=&#8221;16px&#8221; text_line_height=&#8221;1.8em&#8221; header_4_font=&#8221;||||||||&#8221; header_4_text_align=&#8221;center&#8221; header_4_text_color=&#8221;#071323&#8243; header_4_font_size=&#8221;26px&#8221; header_4_line_height=&#8221;1.5em&#8221; header_5_font=&#8221;||||||||&#8221; header_5_text_align=&#8221;center&#8221; header_5_text_color=&#8221;#007aff&#8221; header_5_font_size=&#8221;17px&#8221; header_5_line_height=&#8221;3.9em&#8221; text_orientation=&#8221;center&#8221; custom_padding=&#8221;11px|30px|0px|30px||true&#8221; text_text_align=&#8221;center&#8221; global_colors_info=&#8221;{}&#8221; header_4_text_color__hover_enabled=&#8221;on&#8221; header_4_text_color__hover=&#8221;#ff5e15&#8243;]<\/p>\n<h4>Carrying<\/h4>\n<h5>SHOW PRODUCTS<\/h5>\n<p>[\/et_pb_text][\/et_pb_column][et_pb_column type=&#8221;1_3&#8243; _builder_version=&#8221;4.19.4&#8243; _module_preset=&#8221;default&#8221; background_color=&#8221;#ffffff&#8221; custom_padding=&#8221;12px|12px|12px|12px&#8221; link_option_url=&#8221;\/en\/our-products\/preparation-equipments\/&#8221; global_colors_info=&#8221;{}&#8221; custom_padding__hover=&#8221;|||&#8221;][et_pb_image src=&#8221;https:\/\/dizdarsteel.com\/wp-content\/uploads\/2022\/02\/Hazirlik.jpg&#8221; title_text=&#8221;Haz\u0131rl\u0131k&#8221; _builder_version=&#8221;4.16&#8243; _module_preset=&#8221;default&#8221; global_colors_info=&#8221;{}&#8221;][\/et_pb_image][et_pb_text _builder_version=&#8221;4.19.4&#8243; _module_preset=&#8221;default&#8221; text_font=&#8221;Rajdhani||||||||&#8221; text_text_color=&#8221;#525558&#8243; text_font_size=&#8221;16px&#8221; text_line_height=&#8221;1.8em&#8221; header_4_font=&#8221;||||||||&#8221; header_4_text_align=&#8221;center&#8221; header_4_text_color=&#8221;#071323&#8243; header_4_font_size=&#8221;26px&#8221; header_4_line_height=&#8221;1.5em&#8221; header_5_font=&#8221;||||||||&#8221; header_5_text_align=&#8221;center&#8221; header_5_text_color=&#8221;#007aff&#8221; header_5_font_size=&#8221;17px&#8221; header_5_line_height=&#8221;3.9em&#8221; text_orientation=&#8221;center&#8221; custom_padding=&#8221;11px|30px|0px|30px||true&#8221; text_text_align=&#8221;center&#8221; global_colors_info=&#8221;{}&#8221; header_4_text_color__hover_enabled=&#8221;on&#8221; header_4_text_color__hover=&#8221;#ff5e15&#8243;]<\/p>\n<h4>Preperation<\/h4>\n<h5>SHOW PRODUCTS<\/h5>\n<p>[\/et_pb_text][\/et_pb_column][et_pb_column type=&#8221;1_3&#8243; _builder_version=&#8221;4.19.4&#8243; _module_preset=&#8221;default&#8221; background_color=&#8221;#ffffff&#8221; custom_padding=&#8221;12px|12px|12px|12px&#8221; link_option_url=&#8221;\/en\/our-products\/other-equipments\/&#8221; global_colors_info=&#8221;{}&#8221; custom_padding__hover=&#8221;|||&#8221;][et_pb_image src=&#8221;https:\/\/dizdarsteel.com\/wp-content\/uploads\/2022\/03\/Tekerlekli-Cop-Kovasi.jpg&#8221; title_text=&#8221;Tekerlekli \u00c7\u00f6p Kovas\u0131&#8221; _builder_version=&#8221;4.16&#8243; _module_preset=&#8221;default&#8221; global_colors_info=&#8221;{}&#8221;][\/et_pb_image][et_pb_text _builder_version=&#8221;4.19.4&#8243; _module_preset=&#8221;default&#8221; text_font=&#8221;Rajdhani||||||||&#8221; text_text_color=&#8221;#525558&#8243; text_font_size=&#8221;16px&#8221; text_line_height=&#8221;1.8em&#8221; header_4_font=&#8221;||||||||&#8221; header_4_text_align=&#8221;center&#8221; header_4_text_color=&#8221;#071323&#8243; header_4_font_size=&#8221;26px&#8221; header_4_line_height=&#8221;1.5em&#8221; header_5_font=&#8221;||||||||&#8221; header_5_text_align=&#8221;center&#8221; header_5_text_color=&#8221;#007aff&#8221; header_5_font_size=&#8221;17px&#8221; header_5_line_height=&#8221;3.9em&#8221; text_orientation=&#8221;center&#8221; custom_padding=&#8221;11px|30px|0px|30px||true&#8221; text_text_align=&#8221;center&#8221; global_colors_info=&#8221;{}&#8221; header_4_text_color__hover_enabled=&#8221;on&#8221; header_4_text_color__hover=&#8221;#ff5e15&#8243;]<\/p>\n<h4><span style=\"font-weight: 400;\">Others<\/span><\/h4>\n<h5>SHOW PRODUCTS<\/h5>\n<p>[\/et_pb_text][\/et_pb_column][\/et_pb_row][\/et_pb_section]<\/p>\n","protected":false},"excerpt":{"rendered":"<p><nav aria-label=\"breadcrumbs\" class=\"rank-math-breadcrumb\"><p><span class=\"last\">Home<\/span><\/p><\/nav>Product GroupsFork-Spoon-Knife SHOW PRODUCTSService SHOW PRODUCTSCooking SHOW PRODUCTSCarrying SHOW PRODUCTSPreperation SHOW PRODUCTSOthers SHOW PRODUCTS<\/p>\n","protected":false},"author":1,"featured_media":0,"parent":0,"menu_order":0,"comment_status":"closed","ping_status":"closed","template":"","meta":{"_et_pb_use_builder":"on","_et_pb_old_content":"","_et_gb_content_width":"","footnotes":""},"dipi_cpt_category":[],"class_list":["post-2602","page","type-page","status-publish","hentry"],"_links":{"self":[{"href":"https:\/\/dizdarsteel.com\/en\/wp-json\/wp\/v2\/pages\/2602","targetHints":{"allow":["GET"]}}],"collection":[{"href":"https:\/\/dizdarsteel.com\/en\/wp-json\/wp\/v2\/pages"}],"about":[{"href":"https:\/\/dizdarsteel.com\/en\/wp-json\/wp\/v2\/types\/page"}],"author":[{"embeddable":true,"href":"https:\/\/dizdarsteel.com\/en\/wp-json\/wp\/v2\/users\/1"}],"replies":[{"embeddable":true,"href":"https:\/\/dizdarsteel.com\/en\/wp-json\/wp\/v2\/comments?post=2602"}],"version-history":[{"count":0,"href":"https:\/\/dizdarsteel.com\/en\/wp-json\/wp\/v2\/pages\/2602\/revisions"}],"wp:attachment":[{"href":"https:\/\/dizdarsteel.com\/en\/wp-json\/wp\/v2\/media?parent=2602"}],"wp:term":[{"taxonomy":"dipi_cpt_category","embeddable":true,"href":"https:\/\/dizdarsteel.com\/en\/wp-json\/wp\/v2\/dipi_cpt_category?post=2602"}],"curies":[{"name":"wp","href":"https:\/\/api.w.org\/{rel}","templated":true}]}}