{"id":2516,"date":"2022-02-24T20:49:47","date_gmt":"2022-02-24T17:49:47","guid":{"rendered":"https:\/\/dizdarsteel.com\/uzay-2-5mm\/"},"modified":"2023-01-21T01:22:49","modified_gmt":"2023-01-20T22:22:49","slug":"uzay-2-5mm","status":"publish","type":"page","link":"https:\/\/dizdarsteel.com\/en\/our-products\/fork-spoon-knife\/uzay-2-5mm\/","title":{"rendered":"Uzay \/ 2.5mm"},"content":{"rendered":"<p>[et_pb_section fb_built=&#8221;1&#8243; admin_label=&#8221;section&#8221; _builder_version=&#8221;4.16&#8243; global_colors_info=&#8221;{}&#8221;][et_pb_row column_structure=&#8221;1_2,1_2&#8243; use_custom_gutter=&#8221;on&#8221; gutter_width=&#8221;2&#8243; make_equal=&#8221;on&#8221; _builder_version=&#8221;4.16&#8243; _module_preset=&#8221;default&#8221; width=&#8221;70%&#8221; width_tablet=&#8221;90%&#8221; width_phone=&#8221;90%&#8221; width_last_edited=&#8221;on|tablet&#8221; max_width=&#8221;1200px&#8221; max_width_tablet=&#8221;90%&#8221; max_width_phone=&#8221;90%&#8221; max_width_last_edited=&#8221;on|desktop&#8221; custom_padding=&#8221;40px||40px||true|false&#8221; locked=&#8221;off&#8221; global_colors_info=&#8221;{}&#8221;][et_pb_column type=&#8221;1_2&#8243; _builder_version=&#8221;4.16&#8243; _module_preset=&#8221;default&#8221; custom_padding_tablet=&#8221;||60px||false|false&#8221; custom_padding_phone=&#8221;||60px||false|false&#8221; custom_padding_last_edited=&#8221;on|phone&#8221; animation_style=&#8221;slide&#8221; animation_delay=&#8221;500ms&#8221; global_colors_info=&#8221;{}&#8221;][et_pb_text _builder_version=&#8221;4.19.4&#8243; _module_preset=&#8221;default&#8221; header_4_font=&#8221;Rajdhani|700||on|||||&#8221; header_4_text_align=&#8221;left&#8221; header_4_text_color=&#8221;#222222&#8243; header_4_font_size=&#8221;40px&#8221; custom_margin_tablet=&#8221;-10px||||false|false&#8221; custom_margin_phone=&#8221;-10px||||false|false&#8221; custom_margin_last_edited=&#8221;on|phone&#8221; hover_enabled=&#8221;0&#8243; global_colors_info=&#8221;{}&#8221; sticky_enabled=&#8221;0&#8243;]<\/p>\n<h4>Product Specifications<\/h4>\n<p>[\/et_pb_text][et_pb_text _builder_version=&#8221;4.19.4&#8243; _module_preset=&#8221;default&#8221; text_font=&#8221;Roboto Condensed||||||||&#8221; text_text_color=&#8221;#888888&#8243; text_font_size=&#8221;15px&#8221; text_line_height=&#8221;1.8em&#8221; custom_margin=&#8221;-5px||||false|false&#8221; custom_margin_tablet=&#8221;-15px||||false|false&#8221; custom_margin_phone=&#8221;-15px||||false|false&#8221; custom_margin_last_edited=&#8221;on|phone&#8221; custom_padding=&#8221;|23px|||false|false&#8221; custom_padding_tablet=&#8221;|0px|||false|false&#8221; custom_padding_phone=&#8221;|0px|||false|false&#8221; custom_padding_last_edited=&#8221;on|phone&#8221; global_colors_info=&#8221;{}&#8221;]<\/p>\n<ul>\n<li>Thickness: 2.50 mm<\/li>\n<li>Made from 18\/10 AISI 304 stainless steel quality<\/li>\n<li>High shine polishing applied to the surfaces<\/li>\n<li>Dishwasher safe<\/li>\n<li>14 varieties available in the collection<\/li>\n<li>Pvd coating option available<\/li>\n<li>12 pieces in a box<\/li>\n<\/ul>\n<p>[\/et_pb_text][\/et_pb_column][et_pb_column type=&#8221;1_2&#8243; _builder_version=&#8221;4.16&#8243; _module_preset=&#8221;default&#8221; background_color=&#8221;#ffffff&#8221; custom_padding=&#8221;||30px||false|false&#8221; animation_style=&#8221;slide&#8221; animation_delay=&#8221;750ms&#8221; border_width_bottom=&#8221;4px&#8221; border_color_bottom=&#8221;#0058a6&#8243; global_colors_info=&#8221;{}&#8221; border_color_bottom__hover_enabled=&#8221;off|hover&#8221; border_color_bottom__hover=&#8221;#FEBC35&#8243;][et_pb_image src=&#8221;https:\/\/dizdarsteel.com\/wp-content\/uploads\/2022\/03\/Uzay.jpg&#8221; title_text=&#8221;Uzay&#8221; _builder_version=&#8221;4.16&#8243; _module_preset=&#8221;default&#8221; global_colors_info=&#8221;{}&#8221;][\/et_pb_image][\/et_pb_column][\/et_pb_row][et_pb_row _builder_version=&#8221;4.16&#8243; _module_preset=&#8221;default&#8221; global_colors_info=&#8221;{}&#8221;][et_pb_column type=&#8221;4_4&#8243; _builder_version=&#8221;4.16&#8243; _module_preset=&#8221;default&#8221; global_colors_info=&#8221;{}&#8221;][et_pb_code _builder_version=&#8221;4.16&#8243; _module_preset=&#8221;default&#8221; global_colors_info=&#8221;{}&#8221;]\n<table id=\"tablepress-10\" class=\"tablepress tablepress-id-10\">\n<thead>\n<tr class=\"row-1 odd\">\n\t<th class=\"column-1\">\u00dcr\u00fcn Kod \/ CODE<\/th><th class=\"column-2\">\u00dcr\u00fcn A\u00e7\u0131klama \/ Type<\/th><th class=\"column-3\">Model<\/th><th class=\"column-4\">Uzunluk \/ Lenght mm<\/th>\n<\/tr>\n<\/thead>\n<tbody class=\"row-hover\">\n<tr class=\"row-2 even\">\n\t<td class=\"column-1\">2 1 2 0 0 9<\/td><td class=\"column-2\">Yemek \u00c7atal \/ Table Fork<\/td><td class=\"column-3\">Uzay<\/td><td class=\"column-4\">196<\/td>\n<\/tr>\n<tr class=\"row-3 odd\">\n\t<td class=\"column-1\">2 1 2 0 1 6<\/td><td class=\"column-2\">Yemek Ka\u015f\u0131k \/ Table Spoon<\/td><td class=\"column-3\">Uzay<\/td><td class=\"column-4\">196<\/td>\n<\/tr>\n<tr class=\"row-4 even\">\n\t<td class=\"column-1\">2 1 2 0 2 3<\/td><td class=\"column-2\">Yemek B\u0131\u00e7ak \/ Table Knife<\/td><td class=\"column-3\">Uzay<\/td><td class=\"column-4\">210<\/td>\n<\/tr>\n<tr class=\"row-5 odd\">\n\t<td class=\"column-1\">2 1 2 0 4 7<\/td><td class=\"column-2\">Ord\u00f6vr \u00c7atal \/ Appetizer Fork<\/td><td class=\"column-3\">Uzay<\/td><td class=\"column-4\">181<\/td>\n<\/tr>\n<tr class=\"row-6 even\">\n\t<td class=\"column-1\">2 12 0 5 4<\/td><td class=\"column-2\">Ord\u00f6vr Ka\u015f\u0131k \/ Appetizer Spoon<\/td><td class=\"column-3\">Uzay<\/td><td class=\"column-4\">181<\/td>\n<\/tr>\n<tr class=\"row-7 odd\">\n\t<td class=\"column-1\">2 1 2 0 6 1<\/td><td class=\"column-2\">Ord\u00f6vr B\u0131\u00e7ak \/ Appetizer Knife<\/td><td class=\"column-3\">Uzay<\/td><td class=\"column-4\">193<\/td>\n<\/tr>\n<tr class=\"row-8 even\">\n\t<td class=\"column-1\">2 1 2 0 7 8<\/td><td class=\"column-2\">Tatl\u0131 \u00c7atal \/ Dessert Fork<\/td><td class=\"column-3\">Uzay<\/td><td class=\"column-4\">149<\/td>\n<\/tr>\n<tr class=\"row-9 odd\">\n\t<td class=\"column-1\">2 1 2 0 8 4<\/td><td class=\"column-2\">Tatl\u0131 Ka\u015f\u0131k \/ Dessert Spoon<\/td><td class=\"column-3\">Uzay<\/td><td class=\"column-4\">149<\/td>\n<\/tr>\n<tr class=\"row-10 even\">\n\t<td class=\"column-1\">2 1 2 0 9 2<\/td><td class=\"column-2\">Tatl\u0131 B\u0131\u00e7ak \/ Dessert Knife<\/td><td class=\"column-3\">Uzay<\/td><td class=\"column-4\">181<\/td>\n<\/tr>\n<tr class=\"row-11 odd\">\n\t<td class=\"column-1\">2 1 2 1 3 9<\/td><td class=\"column-2\">Dondurma Ka\u015f\u0131k \/ Ice Cream Spoon<\/td><td class=\"column-3\">Uzay<\/td><td class=\"column-4\">135<\/td>\n<\/tr>\n<tr class=\"row-12 even\">\n\t<td class=\"column-1\">2 1 2 1 1 5<\/td><td class=\"column-2\">\u00c7ay Ka\u015f\u0131k \/ Demi Tasse Spoon<\/td><td class=\"column-3\">Uzay<\/td><td class=\"column-4\">107<\/td>\n<\/tr>\n<tr class=\"row-13 odd\">\n\t<td class=\"column-1\">2 1 2 1 2 2<\/td><td class=\"column-2\">Kahve Ka\u015f\u0131k \/ Coffee Spoon<\/td><td class=\"column-3\">Uzay<\/td><td class=\"column-4\">123<\/td>\n<\/tr>\n<tr class=\"row-14 even\">\n\t<td class=\"column-1\">2 1 2 1 4 6<\/td><td class=\"column-2\">Bal\u0131k \u00c7atal \/ Fish Fork<\/td><td class=\"column-3\">Uzay<\/td><td class=\"column-4\">192<\/td>\n<\/tr>\n<tr class=\"row-15 odd\">\n\t<td class=\"column-1\">2 1 2 1 5 3<\/td><td class=\"column-2\">Bal\u0131k B\u0131\u00e7ak \/ Fish Knife<\/td><td class=\"column-3\">Uzay<\/td><td class=\"column-4\">203<\/td>\n<\/tr>\n<\/tbody>\n<\/table>\n<!-- #tablepress-10 from cache -->[\/et_pb_code][\/et_pb_column][\/et_pb_row][et_pb_row _builder_version=&#8221;4.16&#8243; _module_preset=&#8221;default&#8221; locked=&#8221;off&#8221; global_colors_info=&#8221;{}&#8221;][et_pb_column type=&#8221;4_4&#8243; _builder_version=&#8221;4.16&#8243; _module_preset=&#8221;default&#8221; global_colors_info=&#8221;{}&#8221;][et_pb_text _builder_version=&#8221;4.19.4&#8243; _module_preset=&#8221;default&#8221; global_colors_info=&#8221;{}&#8221;]<\/p>\n<h2>Product Gallery<\/h2>\n<p>[\/et_pb_text][dipl_masonry_gallery image_ids=&#8221;902,903&#8243; number_of_columns=&#8221;3&#8243; image_size=&#8221;full&#8221; enable_lightbox=&#8221;on&#8221; _builder_version=&#8221;4.16&#8243; _module_preset=&#8221;default&#8221; global_colors_info=&#8221;{}&#8221;][\/dipl_masonry_gallery][\/et_pb_column][\/et_pb_row][\/et_pb_section]<\/p>\n","protected":false},"excerpt":{"rendered":"<p>Product Specifications Thickness: 2.50 mm Made from 18\/10 AISI 304 stainless steel quality High shine polishing applied to the surfaces Dishwasher safe 14 varieties available in the collection Pvd coating option available 12 pieces in a box \n<table id=\"tablepress-10-no-2\" class=\"tablepress tablepress-id-10\">\n<thead>\n<tr class=\"row-1 odd\">\n\t<th class=\"column-1\">\u00dcr\u00fcn Kod \/ CODE<\/th><th class=\"column-2\">\u00dcr\u00fcn A\u00e7\u0131klama \/ Type<\/th><th class=\"column-3\">Model<\/th><th class=\"column-4\">Uzunluk \/ Lenght mm<\/th>\n<\/tr>\n<\/thead>\n<tbody class=\"row-hover\">\n<tr class=\"row-2 even\">\n\t<td class=\"column-1\">2 1 2 0 0 9<\/td><td class=\"column-2\">Yemek \u00c7atal \/ Table Fork<\/td><td class=\"column-3\">Uzay<\/td><td class=\"column-4\">196<\/td>\n<\/tr>\n<tr class=\"row-3 odd\">\n\t<td class=\"column-1\">2 1 2 0 1 6<\/td><td class=\"column-2\">Yemek Ka\u015f\u0131k \/ Table Spoon<\/td><td class=\"column-3\">Uzay<\/td><td class=\"column-4\">196<\/td>\n<\/tr>\n<tr class=\"row-4 even\">\n\t<td class=\"column-1\">2 1 2 0 2 3<\/td><td class=\"column-2\">Yemek B\u0131\u00e7ak \/ Table Knife<\/td><td class=\"column-3\">Uzay<\/td><td class=\"column-4\">210<\/td>\n<\/tr>\n<tr class=\"row-5 odd\">\n\t<td class=\"column-1\">2 1 2 0 4 7<\/td><td class=\"column-2\">Ord\u00f6vr \u00c7atal \/ Appetizer Fork<\/td><td class=\"column-3\">Uzay<\/td><td class=\"column-4\">181<\/td>\n<\/tr>\n<tr class=\"row-6 even\">\n\t<td class=\"column-1\">2 12 0 5 4<\/td><td class=\"column-2\">Ord\u00f6vr Ka\u015f\u0131k \/ Appetizer Spoon<\/td><td class=\"column-3\">Uzay<\/td><td class=\"column-4\">181<\/td>\n<\/tr>\n<tr class=\"row-7 odd\">\n\t<td class=\"column-1\">2 1 2 0 6 1<\/td><td class=\"column-2\">Ord\u00f6vr B\u0131\u00e7ak \/ Appetizer Knife<\/td><td class=\"column-3\">Uzay<\/td><td class=\"column-4\">193<\/td>\n<\/tr>\n<tr class=\"row-8 even\">\n\t<td class=\"column-1\">2 1 2 0 7 8<\/td><td class=\"column-2\">Tatl\u0131 \u00c7atal \/ Dessert Fork<\/td><td class=\"column-3\">Uzay<\/td><td class=\"column-4\">149<\/td>\n<\/tr>\n<tr class=\"row-9 odd\">\n\t<td class=\"column-1\">2 1 2 0 8 4<\/td><td class=\"column-2\">Tatl\u0131 Ka\u015f\u0131k \/ Dessert Spoon<\/td><td class=\"column-3\">Uzay<\/td><td class=\"column-4\">149<\/td>\n<\/tr>\n<tr class=\"row-10 even\">\n\t<td class=\"column-1\">2 1 2 0 9 2<\/td><td class=\"column-2\">Tatl\u0131 B\u0131\u00e7ak \/ Dessert Knife<\/td><td class=\"column-3\">Uzay<\/td><td class=\"column-4\">181<\/td>\n<\/tr>\n<tr class=\"row-11 odd\">\n\t<td class=\"column-1\">2 1 2 1 3 9<\/td><td class=\"column-2\">Dondurma Ka\u015f\u0131k \/ Ice Cream Spoon<\/td><td class=\"column-3\">Uzay<\/td><td class=\"column-4\">135<\/td>\n<\/tr>\n<tr class=\"row-12 even\">\n\t<td class=\"column-1\">2 1 2 1 1 5<\/td><td class=\"column-2\">\u00c7ay Ka\u015f\u0131k \/ Demi Tasse Spoon<\/td><td class=\"column-3\">Uzay<\/td><td class=\"column-4\">107<\/td>\n<\/tr>\n<tr class=\"row-13 odd\">\n\t<td class=\"column-1\">2 1 2 1 2 2<\/td><td class=\"column-2\">Kahve Ka\u015f\u0131k \/ Coffee Spoon<\/td><td class=\"column-3\">Uzay<\/td><td class=\"column-4\">123<\/td>\n<\/tr>\n<tr class=\"row-14 even\">\n\t<td class=\"column-1\">2 1 2 1 4 6<\/td><td class=\"column-2\">Bal\u0131k \u00c7atal \/ Fish Fork<\/td><td class=\"column-3\">Uzay<\/td><td class=\"column-4\">192<\/td>\n<\/tr>\n<tr class=\"row-15 odd\">\n\t<td class=\"column-1\">2 1 2 1 5 3<\/td><td class=\"column-2\">Bal\u0131k B\u0131\u00e7ak \/ Fish Knife<\/td><td class=\"column-3\">Uzay<\/td><td class=\"column-4\">203<\/td>\n<\/tr>\n<\/tbody>\n<\/table>\n<!-- #tablepress-10-no-2 from cache -->Product Gallery<div class=\"et_pb_module dipl_masonry_gallery dipl_masonry_gallery_0\">\n\t\t\t\t\n\t\t\t\t\n\t\t\t\t\n\t\t\t\t\n\t\t\t\t\n\t\t\t\t\n\t\t\t\t<div class=\"et_pb_module_inner\">\n\t\t\t\t\t<div class=\"dipl_masonry_gallery_wrapper\">\n\t\t\t\t<div class=\"dipl_masonry_gallery_item_gutter\"><\/div>\n\t\t\t\t<a href=\"https:\/\/dizdarsteel.com\/wp-content\/uploads\/2022\/03\/Uzay-2017.jpg\" class=\"dipl_masonry_gallery_item\">\n\t\t\t\t\t\t<div class=\"dipl_masonry_gallery_image_wrapper\"><img width=\"1920\" height=\"1280\" src=\"https:\/\/dizdarsteel.com\/wp-content\/uploads\/2022\/03\/Uzay-2017.jpg\" class=\"attachment-full size-full no-lazyload skip-lazy\" alt=\"\" decoding=\"async\" loading=\"lazy\" srcset=\"https:\/\/dizdarsteel.com\/wp-content\/uploads\/2022\/03\/Uzay-2017.jpg 1920w, https:\/\/dizdarsteel.com\/wp-content\/uploads\/2022\/03\/Uzay-2017-1280x853.jpg 1280w, https:\/\/dizdarsteel.com\/wp-content\/uploads\/2022\/03\/Uzay-2017-980x653.jpg 980w, https:\/\/dizdarsteel.com\/wp-content\/uploads\/2022\/03\/Uzay-2017-480x320.jpg 480w\" sizes=\"auto, (min-width: 0px) and (max-width: 480px) 480px, (min-width: 481px) and (max-width: 980px) 980px, (min-width: 981px) and (max-width: 1280px) 1280px, (min-width: 1281px) 1920px, 100vw\" \/> <\/div>\n\t\t\t\t\t\t\n\t\t\t\t\t<\/a><a href=\"https:\/\/dizdarsteel.com\/wp-content\/uploads\/2022\/03\/Uzay.jpg\" class=\"dipl_masonry_gallery_item\">\n\t\t\t\t\t\t<div class=\"dipl_masonry_gallery_image_wrapper\"><img width=\"1920\" height=\"1280\" src=\"https:\/\/dizdarsteel.com\/wp-content\/uploads\/2022\/03\/Uzay.jpg\" class=\"attachment-full size-full no-lazyload skip-lazy\" alt=\"\" decoding=\"async\" loading=\"lazy\" srcset=\"https:\/\/dizdarsteel.com\/wp-content\/uploads\/2022\/03\/Uzay.jpg 1920w, https:\/\/dizdarsteel.com\/wp-content\/uploads\/2022\/03\/Uzay-1280x853.jpg 1280w, https:\/\/dizdarsteel.com\/wp-content\/uploads\/2022\/03\/Uzay-980x653.jpg 980w, https:\/\/dizdarsteel.com\/wp-content\/uploads\/2022\/03\/Uzay-480x320.jpg 480w\" sizes=\"auto, (min-width: 0px) and (max-width: 480px) 480px, (min-width: 481px) and (max-width: 980px) 980px, (min-width: 981px) and (max-width: 1280px) 1280px, (min-width: 1281px) 1920px, 100vw\" \/> <\/div>\n\t\t\t\t\t\t\n\t\t\t\t\t<\/a>\n\t\t\t<\/div>\n\t\t\t\t<\/div>\n\t\t\t<\/div><\/p>\n","protected":false},"author":1,"featured_media":0,"parent":2577,"menu_order":0,"comment_status":"closed","ping_status":"closed","template":"","meta":{"_et_pb_use_builder":"on","_et_pb_old_content":"","_et_gb_content_width":"","footnotes":""},"dipi_cpt_category":[],"class_list":["post-2516","page","type-page","status-publish","hentry"],"_links":{"self":[{"href":"https:\/\/dizdarsteel.com\/en\/wp-json\/wp\/v2\/pages\/2516","targetHints":{"allow":["GET"]}}],"collection":[{"href":"https:\/\/dizdarsteel.com\/en\/wp-json\/wp\/v2\/pages"}],"about":[{"href":"https:\/\/dizdarsteel.com\/en\/wp-json\/wp\/v2\/types\/page"}],"author":[{"embeddable":true,"href":"https:\/\/dizdarsteel.com\/en\/wp-json\/wp\/v2\/users\/1"}],"replies":[{"embeddable":true,"href":"https:\/\/dizdarsteel.com\/en\/wp-json\/wp\/v2\/comments?post=2516"}],"version-history":[{"count":0,"href":"https:\/\/dizdarsteel.com\/en\/wp-json\/wp\/v2\/pages\/2516\/revisions"}],"up":[{"embeddable":true,"href":"https:\/\/dizdarsteel.com\/en\/wp-json\/wp\/v2\/pages\/2577"}],"wp:attachment":[{"href":"https:\/\/dizdarsteel.com\/en\/wp-json\/wp\/v2\/media?parent=2516"}],"wp:term":[{"taxonomy":"dipi_cpt_category","embeddable":true,"href":"https:\/\/dizdarsteel.com\/en\/wp-json\/wp\/v2\/dipi_cpt_category?post=2516"}],"curies":[{"name":"wp","href":"https:\/\/api.w.org\/{rel}","templated":true}]}}