{"id":2474,"date":"2022-02-24T21:33:05","date_gmt":"2022-02-24T18:33:05","guid":{"rendered":"https:\/\/dizdarsteel.com\/diger-ekipmanlar\/"},"modified":"2023-01-21T00:41:23","modified_gmt":"2023-01-20T21:41:23","slug":"other-equipments","status":"publish","type":"page","link":"https:\/\/dizdarsteel.com\/en\/our-products\/other-equipments\/","title":{"rendered":"Other Equipments"},"content":{"rendered":"<p>[et_pb_section fb_built=&#8221;1&#8243; _builder_version=&#8221;4.16&#8243; _module_preset=&#8221;default&#8221; global_colors_info=&#8221;{}&#8221;][et_pb_row column_structure=&#8221;1_2,1_2&#8243; use_custom_gutter=&#8221;on&#8221; gutter_width=&#8221;2&#8243; make_equal=&#8221;on&#8221; _builder_version=&#8221;4.16&#8243; _module_preset=&#8221;default&#8221; width=&#8221;70%&#8221; width_tablet=&#8221;90%&#8221; width_phone=&#8221;90%&#8221; width_last_edited=&#8221;on|tablet&#8221; max_width=&#8221;1200px&#8221; max_width_tablet=&#8221;90%&#8221; max_width_phone=&#8221;90%&#8221; max_width_last_edited=&#8221;on|desktop&#8221; custom_padding=&#8221;40px||40px||true|false&#8221; custom_css_main_element=&#8221;margin:auto;&#8221; locked=&#8221;off&#8221; global_colors_info=&#8221;{}&#8221;][et_pb_column type=&#8221;1_2&#8243; _builder_version=&#8221;4.16&#8243; _module_preset=&#8221;default&#8221; custom_padding_tablet=&#8221;||60px||false|false&#8221; custom_padding_phone=&#8221;||60px||false|false&#8221; custom_padding_last_edited=&#8221;on|phone&#8221; animation_style=&#8221;slide&#8221; animation_delay=&#8221;500ms&#8221; custom_css_main_element=&#8221;margin:auto;&#8221; global_colors_info=&#8221;{}&#8221;][et_pb_text _builder_version=&#8221;4.19.4&#8243; _module_preset=&#8221;default&#8221; header_4_font=&#8221;Rajdhani|700||on|||||&#8221; header_4_text_align=&#8221;left&#8221; header_4_text_color=&#8221;#222222&#8243; header_4_font_size=&#8221;40px&#8221; custom_margin_tablet=&#8221;-10px||||false|false&#8221; custom_margin_phone=&#8221;-10px||||false|false&#8221; custom_margin_last_edited=&#8221;on|phone&#8221; hover_enabled=&#8221;0&#8243; global_colors_info=&#8221;{}&#8221; sticky_enabled=&#8221;0&#8243;]<\/p>\n<h4>Other Equipments<\/h4>\n<p>[\/et_pb_text][et_pb_text _builder_version=&#8221;4.19.4&#8243; _module_preset=&#8221;default&#8221; text_font=&#8221;Roboto Condensed||||||||&#8221; text_text_color=&#8221;#888888&#8243; text_font_size=&#8221;15px&#8221; text_line_height=&#8221;1.8em&#8221; custom_margin=&#8221;-5px||||false|false&#8221; custom_margin_tablet=&#8221;-15px||||false|false&#8221; custom_margin_phone=&#8221;-15px||||false|false&#8221; custom_margin_last_edited=&#8221;on|phone&#8221; custom_padding=&#8221;|23px|||false|false&#8221; custom_padding_tablet=&#8221;|0px|||false|false&#8221; custom_padding_phone=&#8221;|0px|||false|false&#8221; custom_padding_last_edited=&#8221;on|phone&#8221; hover_enabled=&#8221;0&#8243; global_colors_info=&#8221;{}&#8221; sticky_enabled=&#8221;0&#8243;]<\/p>\n<p>You can examine all our other products that are not listed as a category in our product range, from the table here.<\/p>\n<p>[\/et_pb_text][\/et_pb_column][et_pb_column type=&#8221;1_2&#8243; _builder_version=&#8221;4.16&#8243; _module_preset=&#8221;default&#8221; background_color=&#8221;#ffffff&#8221; custom_padding=&#8221;||30px||false|false&#8221; animation_style=&#8221;slide&#8221; animation_delay=&#8221;750ms&#8221; custom_css_main_element=&#8221;margin:auto;&#8221; border_width_bottom=&#8221;4px&#8221; border_color_bottom=&#8221;#0058a6&#8243; global_colors_info=&#8221;{}&#8221; border_color_bottom__hover_enabled=&#8221;off|hover&#8221; border_color_bottom__hover=&#8221;#FEBC35&#8243;][et_pb_image src=&#8221;https:\/\/dizdarsteel.com\/wp-content\/uploads\/2022\/03\/Tekerlekli-Cop-Kovasi.jpg&#8221; title_text=&#8221;Tekerlekli \u00c7\u00f6p Kovas\u0131&#8221; _builder_version=&#8221;4.19.3&#8243; _module_preset=&#8221;default&#8221; global_colors_info=&#8221;{}&#8221;][\/et_pb_image][\/et_pb_column][\/et_pb_row][et_pb_row _builder_version=&#8221;4.16&#8243; _module_preset=&#8221;default&#8221; max_width=&#8221;1410px&#8221; global_colors_info=&#8221;{}&#8221;][et_pb_column type=&#8221;4_4&#8243; _builder_version=&#8221;4.16&#8243; _module_preset=&#8221;default&#8221; global_colors_info=&#8221;{}&#8221;][et_pb_code _builder_version=&#8221;4.16&#8243; _module_preset=&#8221;default&#8221; global_colors_info=&#8221;{}&#8221;]\n<table id=\"tablepress-18\" class=\"tablepress tablepress-id-18\">\n<thead>\n<tr class=\"row-1 odd\">\n\t<th class=\"column-1\">\u00dcr\u00fcn Kod \/ CODE<\/th><th class=\"column-2\">\u00dcr\u00fcn A\u00e7\u0131klama \/ Type<\/th><th class=\"column-3\">\u00d6l\u00e7\u00fc \/ Dimension cm<\/th><th class=\"column-4\">Kapasite \/ Capacity Lt<\/th><th class=\"column-5\">\u00dcr\u00fcn G\u00f6rseli \/ Product Picture<\/th>\n<\/tr>\n<\/thead>\n<tbody class=\"row-hover\">\n<tr class=\"row-2 even\">\n\t<td class=\"column-1\">2 3 4 5 5 1<\/td><td class=\"column-2\">\u00c7\u00f6p Kovas\u0131 \/ Dustbin<\/td><td class=\"column-3\">40 * 40<\/td><td class=\"column-4\">50<\/td><td class=\"column-5\"><a href=\"https:\/\/static.dizdarsteel.com\/products\/%C3%A7%C3%B6p%20kovas%C4%B1%20hareketsiz.jpg\" data-lightbox=\"roadtrip\">G\u00f6r\u00fcnt\u00fcle<\/a><\/td>\n<\/tr>\n<tr class=\"row-3 odd\">\n\t<td class=\"column-1\">2 3 4 5 6 8<\/td><td class=\"column-2\">\u00c7\u00f6p Kovas\u0131 \/ Dustbin<\/td><td class=\"column-3\">50 * 50<\/td><td class=\"column-4\">98<\/td><td class=\"column-5\"><\/td>\n<\/tr>\n<tr class=\"row-4 even\">\n\t<td class=\"column-1\">2 3 4 5 0 6<\/td><td class=\"column-2\">Tekerlekli \u00c7\u00f6p Kovas\u0131 \/ Wheeled Dustbin<\/td><td class=\"column-3\">40 * 40<\/td><td class=\"column-4\">50<\/td><td class=\"column-5\"><a href=\"https:\/\/static.dizdarsteel.com\/products\/Hareketli%20%C3%87%C3%B6pkovas%C4%B1.jpg\" data-lightbox=\"roadtrip\">G\u00f6r\u00fcnt\u00fcle<\/a><\/td>\n<\/tr>\n<tr class=\"row-5 odd\">\n\t<td class=\"column-1\">2 3 4 5 1 3<\/td><td class=\"column-2\">Tekerlekli \u00c7\u00f6p Kovas\u0131 \/ Wheeled Dustbin<\/td><td class=\"column-3\">50 * 50<\/td><td class=\"column-4\">98<\/td><td class=\"column-5\"><\/td>\n<\/tr>\n<tr class=\"row-6 even\">\n\t<td class=\"column-1\">2 3 4 0 0 1<\/td><td class=\"column-2\">Paslanmaz Saks\u0131 \/ Stainless Steel Flowerpot<\/td><td class=\"column-3\">22 * 24<\/td><td class=\"column-4\">9<\/td><td class=\"column-5\"><a href=\"https:\/\/static.dizdarsteel.com\/products\/paslanmaz%20saks\u0131.jpg\" data-lightbox=\"roadtrip\">G\u00f6r\u00fcnt\u00fcle<\/a><\/td>\n<\/tr>\n<tr class=\"row-7 odd\">\n\t<td class=\"column-1\">2 3 4 0 1 8<\/td><td class=\"column-2\">Paslanmaz Saks\u0131 \/ Stainless Steel Flowerpot<\/td><td class=\"column-3\">24 * 28<\/td><td class=\"column-4\">13<\/td><td class=\"column-5\"><\/td>\n<\/tr>\n<tr class=\"row-8 even\">\n\t<td class=\"column-1\">2 3 4 0 2 5<\/td><td class=\"column-2\">Paslanmaz Saks\u0131 \/ Stainless Steel Flowerpot<\/td><td class=\"column-3\">30 * 28<\/td><td class=\"column-4\">20<\/td><td class=\"column-5\"><\/td>\n<\/tr>\n<tr class=\"row-9 odd\">\n\t<td class=\"column-1\">2 3 4 0 3 2<\/td><td class=\"column-2\">Paslanmaz Saks\u0131 \/ Stainless Steel Flowerpot<\/td><td class=\"column-3\">30 * 32<\/td><td class=\"column-4\">22<\/td><td class=\"column-5\"><\/td>\n<\/tr>\n<tr class=\"row-10 even\">\n\t<td class=\"column-1\">2 3 4 0 4 9<\/td><td class=\"column-2\">Paslanmaz Saks\u0131 \/ Stainless Steel Flowerpot<\/td><td class=\"column-3\">36 * 36<\/td><td class=\"column-4\">36<\/td><td class=\"column-5\"><\/td>\n<\/tr>\n<tr class=\"row-11 odd\">\n\t<td class=\"column-1\">2 3 4 0 5 6<\/td><td class=\"column-2\">Paslanmaz Saks\u0131 \/ Stainless Steel Flowerpot<\/td><td class=\"column-3\">40 * 40<\/td><td class=\"column-4\">50<\/td><td class=\"column-5\"><\/td>\n<\/tr>\n<tr class=\"row-12 even\">\n\t<td class=\"column-1\">2 3 4 0 6 3<\/td><td class=\"column-2\">Paslanmaz Saks\u0131 \/ Stainless Steel Flowerpot<\/td><td class=\"column-3\">50 * 50<\/td><td class=\"column-4\">98<\/td><td class=\"column-5\"><\/td>\n<\/tr>\n<tr class=\"row-13 odd\">\n\t<td class=\"column-1\">1 1 9 1 2 7<\/td><td class=\"column-2\">Hamur Yo\u011furma Kazan\u0131 \/ Dough Kneading Bowl<\/td><td class=\"column-3\">\u00d8 36<\/td><td class=\"column-4\"><\/td><td class=\"column-5\"><a href=\"https:\/\/static.dizdarsteel.com\/products\/Hamur Yo\u011furma Kazan\u0131.png\" data-lightbox=\"roadtrip\">G\u00f6r\u00fcnt\u00fcle<\/a><\/td>\n<\/tr>\n<tr class=\"row-14 even\">\n\t<td class=\"column-1\">1 1 9 1 2 8<\/td><td class=\"column-2\">Hamur Yo\u011furma Kazan\u0131 \/ Dough Kneading Bowl<\/td><td class=\"column-3\">\u00d8 43<\/td><td class=\"column-4\"><\/td><td class=\"column-5\"><\/td>\n<\/tr>\n<tr class=\"row-15 odd\">\n\t<td class=\"column-1\">1 1 9 1 2 9<\/td><td class=\"column-2\">Hamur Yo\u011furma Kazan\u0131 \/ Dough Kneading Bowl<\/td><td class=\"column-3\">\u00d8 50<\/td><td class=\"column-4\"><\/td><td class=\"column-5\"><\/td>\n<\/tr>\n<\/tbody>\n<\/table>\n[\/et_pb_code][\/et_pb_column][\/et_pb_row][\/et_pb_section]<\/p>\n","protected":false},"excerpt":{"rendered":"<p>Other EquipmentsYou can examine all our other products that are not listed as a category in our product range, from the table here.\n<table id=\"tablepress-18-no-2\" class=\"tablepress tablepress-id-18\">\n<thead>\n<tr class=\"row-1 odd\">\n\t<th class=\"column-1\">\u00dcr\u00fcn Kod \/ CODE<\/th><th class=\"column-2\">\u00dcr\u00fcn A\u00e7\u0131klama \/ Type<\/th><th class=\"column-3\">\u00d6l\u00e7\u00fc \/ Dimension cm<\/th><th class=\"column-4\">Kapasite \/ Capacity Lt<\/th><th class=\"column-5\">\u00dcr\u00fcn G\u00f6rseli \/ Product Picture<\/th>\n<\/tr>\n<\/thead>\n<tbody class=\"row-hover\">\n<tr class=\"row-2 even\">\n\t<td class=\"column-1\">2 3 4 5 5 1<\/td><td class=\"column-2\">\u00c7\u00f6p Kovas\u0131 \/ Dustbin<\/td><td class=\"column-3\">40 * 40<\/td><td class=\"column-4\">50<\/td><td class=\"column-5\"><a href=\"https:\/\/static.dizdarsteel.com\/products\/%C3%A7%C3%B6p%20kovas%C4%B1%20hareketsiz.jpg\" data-lightbox=\"roadtrip\">G\u00f6r\u00fcnt\u00fcle<\/a><\/td>\n<\/tr>\n<tr class=\"row-3 odd\">\n\t<td class=\"column-1\">2 3 4 5 6 8<\/td><td class=\"column-2\">\u00c7\u00f6p Kovas\u0131 \/ Dustbin<\/td><td class=\"column-3\">50 * 50<\/td><td class=\"column-4\">98<\/td><td class=\"column-5\"><\/td>\n<\/tr>\n<tr class=\"row-4 even\">\n\t<td class=\"column-1\">2 3 4 5 0 6<\/td><td class=\"column-2\">Tekerlekli \u00c7\u00f6p Kovas\u0131 \/ Wheeled Dustbin<\/td><td class=\"column-3\">40 * 40<\/td><td class=\"column-4\">50<\/td><td class=\"column-5\"><a href=\"https:\/\/static.dizdarsteel.com\/products\/Hareketli%20%C3%87%C3%B6pkovas%C4%B1.jpg\" data-lightbox=\"roadtrip\">G\u00f6r\u00fcnt\u00fcle<\/a><\/td>\n<\/tr>\n<tr class=\"row-5 odd\">\n\t<td class=\"column-1\">2 3 4 5 1 3<\/td><td class=\"column-2\">Tekerlekli \u00c7\u00f6p Kovas\u0131 \/ Wheeled Dustbin<\/td><td class=\"column-3\">50 * 50<\/td><td class=\"column-4\">98<\/td><td class=\"column-5\"><\/td>\n<\/tr>\n<tr class=\"row-6 even\">\n\t<td class=\"column-1\">2 3 4 0 0 1<\/td><td class=\"column-2\">Paslanmaz Saks\u0131 \/ Stainless Steel Flowerpot<\/td><td class=\"column-3\">22 * 24<\/td><td class=\"column-4\">9<\/td><td class=\"column-5\"><a href=\"https:\/\/static.dizdarsteel.com\/products\/paslanmaz%20saks\u0131.jpg\" data-lightbox=\"roadtrip\">G\u00f6r\u00fcnt\u00fcle<\/a><\/td>\n<\/tr>\n<tr class=\"row-7 odd\">\n\t<td class=\"column-1\">2 3 4 0 1 8<\/td><td class=\"column-2\">Paslanmaz Saks\u0131 \/ Stainless Steel Flowerpot<\/td><td class=\"column-3\">24 * 28<\/td><td class=\"column-4\">13<\/td><td class=\"column-5\"><\/td>\n<\/tr>\n<tr class=\"row-8 even\">\n\t<td class=\"column-1\">2 3 4 0 2 5<\/td><td class=\"column-2\">Paslanmaz Saks\u0131 \/ Stainless Steel Flowerpot<\/td><td class=\"column-3\">30 * 28<\/td><td class=\"column-4\">20<\/td><td class=\"column-5\"><\/td>\n<\/tr>\n<tr class=\"row-9 odd\">\n\t<td class=\"column-1\">2 3 4 0 3 2<\/td><td class=\"column-2\">Paslanmaz Saks\u0131 \/ Stainless Steel Flowerpot<\/td><td class=\"column-3\">30 * 32<\/td><td class=\"column-4\">22<\/td><td class=\"column-5\"><\/td>\n<\/tr>\n<tr class=\"row-10 even\">\n\t<td class=\"column-1\">2 3 4 0 4 9<\/td><td class=\"column-2\">Paslanmaz Saks\u0131 \/ Stainless Steel Flowerpot<\/td><td class=\"column-3\">36 * 36<\/td><td class=\"column-4\">36<\/td><td class=\"column-5\"><\/td>\n<\/tr>\n<tr class=\"row-11 odd\">\n\t<td class=\"column-1\">2 3 4 0 5 6<\/td><td class=\"column-2\">Paslanmaz Saks\u0131 \/ Stainless Steel Flowerpot<\/td><td class=\"column-3\">40 * 40<\/td><td class=\"column-4\">50<\/td><td class=\"column-5\"><\/td>\n<\/tr>\n<tr class=\"row-12 even\">\n\t<td class=\"column-1\">2 3 4 0 6 3<\/td><td class=\"column-2\">Paslanmaz Saks\u0131 \/ Stainless Steel Flowerpot<\/td><td class=\"column-3\">50 * 50<\/td><td class=\"column-4\">98<\/td><td class=\"column-5\"><\/td>\n<\/tr>\n<tr class=\"row-13 odd\">\n\t<td class=\"column-1\">1 1 9 1 2 7<\/td><td class=\"column-2\">Hamur Yo\u011furma Kazan\u0131 \/ Dough Kneading Bowl<\/td><td class=\"column-3\">\u00d8 36<\/td><td class=\"column-4\"><\/td><td class=\"column-5\"><a href=\"https:\/\/static.dizdarsteel.com\/products\/Hamur Yo\u011furma Kazan\u0131.png\" data-lightbox=\"roadtrip\">G\u00f6r\u00fcnt\u00fcle<\/a><\/td>\n<\/tr>\n<tr class=\"row-14 even\">\n\t<td class=\"column-1\">1 1 9 1 2 8<\/td><td class=\"column-2\">Hamur Yo\u011furma Kazan\u0131 \/ Dough Kneading Bowl<\/td><td class=\"column-3\">\u00d8 43<\/td><td class=\"column-4\"><\/td><td class=\"column-5\"><\/td>\n<\/tr>\n<tr class=\"row-15 odd\">\n\t<td class=\"column-1\">1 1 9 1 2 9<\/td><td class=\"column-2\">Hamur Yo\u011furma Kazan\u0131 \/ Dough Kneading Bowl<\/td><td class=\"column-3\">\u00d8 50<\/td><td class=\"column-4\"><\/td><td class=\"column-5\"><\/td>\n<\/tr>\n<\/tbody>\n<\/table>\n<\/p>\n","protected":false},"author":1,"featured_media":0,"parent":2602,"menu_order":0,"comment_status":"closed","ping_status":"closed","template":"","meta":{"_et_pb_use_builder":"on","_et_pb_old_content":"","_et_gb_content_width":"","footnotes":""},"dipi_cpt_category":[],"class_list":["post-2474","page","type-page","status-publish","hentry"],"_links":{"self":[{"href":"https:\/\/dizdarsteel.com\/en\/wp-json\/wp\/v2\/pages\/2474","targetHints":{"allow":["GET"]}}],"collection":[{"href":"https:\/\/dizdarsteel.com\/en\/wp-json\/wp\/v2\/pages"}],"about":[{"href":"https:\/\/dizdarsteel.com\/en\/wp-json\/wp\/v2\/types\/page"}],"author":[{"embeddable":true,"href":"https:\/\/dizdarsteel.com\/en\/wp-json\/wp\/v2\/users\/1"}],"replies":[{"embeddable":true,"href":"https:\/\/dizdarsteel.com\/en\/wp-json\/wp\/v2\/comments?post=2474"}],"version-history":[{"count":0,"href":"https:\/\/dizdarsteel.com\/en\/wp-json\/wp\/v2\/pages\/2474\/revisions"}],"up":[{"embeddable":true,"href":"https:\/\/dizdarsteel.com\/en\/wp-json\/wp\/v2\/pages\/2602"}],"wp:attachment":[{"href":"https:\/\/dizdarsteel.com\/en\/wp-json\/wp\/v2\/media?parent=2474"}],"wp:term":[{"taxonomy":"dipi_cpt_category","embeddable":true,"href":"https:\/\/dizdarsteel.com\/en\/wp-json\/wp\/v2\/dipi_cpt_category?post=2474"}],"curies":[{"name":"wp","href":"https:\/\/api.w.org\/{rel}","templated":true}]}}