{"id":2522,"date":"2022-02-24T20:46:49","date_gmt":"2022-02-24T17:46:49","guid":{"rendered":"https:\/\/dizdarsteel.com\/venus-2-5mm\/"},"modified":"2023-01-23T07:47:43","modified_gmt":"2023-01-23T04:47:43","slug":"venus-2-5mm","status":"publish","type":"page","link":"https:\/\/dizdarsteel.com\/de\/unsere-produkte\/gabel-loeffel-messer\/venus-2-5mm\/","title":{"rendered":"Ven\u00fcs \/ 2.5mm"},"content":{"rendered":"<p>[et_pb_section fb_built=&#8220;1&#8243; admin_label=&#8220;section&#8220; _builder_version=&#8220;4.16&#8243; global_colors_info=&#8220;{}&#8220;][et_pb_row column_structure=&#8220;1_2,1_2&#8243; use_custom_gutter=&#8220;on&#8220; gutter_width=&#8220;2&#8243; make_equal=&#8220;on&#8220; _builder_version=&#8220;4.16&#8243; _module_preset=&#8220;default&#8220; width=&#8220;70%&#8220; width_tablet=&#8220;90%&#8220; width_phone=&#8220;90%&#8220; width_last_edited=&#8220;on|tablet&#8220; max_width=&#8220;1200px&#8220; max_width_tablet=&#8220;90%&#8220; max_width_phone=&#8220;90%&#8220; max_width_last_edited=&#8220;on|desktop&#8220; custom_padding=&#8220;40px||40px||true|false&#8220; locked=&#8220;off&#8220; global_colors_info=&#8220;{}&#8220;][et_pb_column type=&#8220;1_2&#8243; _builder_version=&#8220;4.16&#8243; _module_preset=&#8220;default&#8220; custom_padding_tablet=&#8220;||60px||false|false&#8220; custom_padding_phone=&#8220;||60px||false|false&#8220; custom_padding_last_edited=&#8220;on|phone&#8220; animation_style=&#8220;slide&#8220; animation_delay=&#8220;500ms&#8220; global_colors_info=&#8220;{}&#8220;][et_pb_text _builder_version=&#8220;4.19.4&#8243; _module_preset=&#8220;default&#8220; header_4_font=&#8220;Rajdhani|700||on|||||&#8220; header_4_text_align=&#8220;left&#8220; header_4_text_color=&#8220;#222222&#8243; header_4_font_size=&#8220;40px&#8220; custom_margin_tablet=&#8220;-10px||||false|false&#8220; custom_margin_phone=&#8220;-10px||||false|false&#8220; custom_margin_last_edited=&#8220;on|phone&#8220; hover_enabled=&#8220;0&#8243; global_colors_info=&#8220;{}&#8220; sticky_enabled=&#8220;0&#8243;]<\/p>\n<h4>PRODUKTMERKMALE<\/h4>\n<p>[\/et_pb_text][et_pb_text _builder_version=&#8220;4.19.4&#8243; _module_preset=&#8220;default&#8220; text_font=&#8220;Roboto Condensed||||||||&#8220; text_text_color=&#8220;#888888&#8243; text_font_size=&#8220;15px&#8220; text_line_height=&#8220;1.8em&#8220; custom_margin=&#8220;-5px||||false|false&#8220; custom_margin_tablet=&#8220;-15px||||false|false&#8220; custom_margin_phone=&#8220;-15px||||false|false&#8220; custom_margin_last_edited=&#8220;on|phone&#8220; custom_padding=&#8220;|23px|||false|false&#8220; custom_padding_tablet=&#8220;|0px|||false|false&#8220; custom_padding_phone=&#8220;|0px|||false|false&#8220; custom_padding_last_edited=&#8220;on|phone&#8220; hover_enabled=&#8220;0&#8243; global_colors_info=&#8220;{}&#8220; sticky_enabled=&#8220;0&#8243;]<\/p>\n<ul>\n<li style=\"font-weight: 400;\" aria-level=\"1\">Dicke 2,50 mm<\/li>\n<li style=\"font-weight: 400;\" aria-level=\"1\">Hergestellt aus 18\/10 AISI 304 Qualit\u00e4ts-Edelstahl.<\/li>\n<li style=\"font-weight: 400;\" aria-level=\"1\">Die Klingen werden aus rostfreiem Stahl AISI 420 im<\/li>\n<li style=\"font-weight: 400;\" aria-level=\"1\">Warmschmiedeverfahren hergestellt.<\/li>\n<li style=\"font-weight: 400;\" aria-level=\"1\">Die Klingen haben die Eigenschaft, das Porzellan nicht zu zerkratzen.<\/li>\n<li style=\"font-weight: 400;\" aria-level=\"1\">Es ist korrosionsbest\u00e4ndig.<\/li>\n<li style=\"font-weight: 400;\" aria-level=\"1\">Die Sch\u00e4rfe ist durch das spezielle Verfahren, das auf die Klingen angewendet wird, auf h\u00f6chstem Niveau.<\/li>\n<li style=\"font-weight: 400;\" aria-level=\"1\">Die Oberfl\u00e4chen werden auf<\/li>\n<li style=\"font-weight: 400;\" aria-level=\"1\">Hochglanz poliert.<\/li>\n<li style=\"font-weight: 400;\" aria-level=\"1\">Sp\u00fclmaschinenfest.<\/li>\n<li style=\"font-weight: 400;\" aria-level=\"1\">Die Sammlung besteht aus 14 Typen.<\/li>\n<li style=\"font-weight: 400;\" aria-level=\"1\">Pvd-Beschichtung ist als Option erh\u00e4ltlich.<\/li>\n<li style=\"font-weight: 400;\" aria-level=\"1\">In einer Schachtel befinden sich 12 St\u00fcck.<\/li>\n<\/ul>\n<p>[\/et_pb_text][\/et_pb_column][et_pb_column type=&#8220;1_2&#8243; _builder_version=&#8220;4.16&#8243; _module_preset=&#8220;default&#8220; background_color=&#8220;#ffffff&#8220; custom_padding=&#8220;||30px||false|false&#8220; animation_style=&#8220;slide&#8220; animation_delay=&#8220;750ms&#8220; border_width_bottom=&#8220;4px&#8220; border_color_bottom=&#8220;#0058a6&#8243; global_colors_info=&#8220;{}&#8220; border_color_bottom__hover_enabled=&#8220;off|hover&#8220; border_color_bottom__hover=&#8220;#FEBC35&#8243;][et_pb_image src=&#8220;https:\/\/dizdarsteel.com\/wp-content\/uploads\/2022\/03\/VENUS.jpg&#8220; title_text=&#8220;VEN\u00dcS&#8220; _builder_version=&#8220;4.16&#8243; _module_preset=&#8220;default&#8220; global_colors_info=&#8220;{}&#8220;][\/et_pb_image][\/et_pb_column][\/et_pb_row][et_pb_row _builder_version=&#8220;4.16&#8243; _module_preset=&#8220;default&#8220; global_colors_info=&#8220;{}&#8220;][et_pb_column type=&#8220;4_4&#8243; _builder_version=&#8220;4.16&#8243; _module_preset=&#8220;default&#8220; global_colors_info=&#8220;{}&#8220;][et_pb_code _builder_version=&#8220;4.16&#8243; _module_preset=&#8220;default&#8220; global_colors_info=&#8220;{}&#8220;]\n<table id=\"tablepress-8\" class=\"tablepress tablepress-id-8\">\n<thead>\n<tr class=\"row-1 odd\">\n\t<th class=\"column-1\">\u00dcr\u00fcn Kod \/ CODE<\/th><th class=\"column-2\">\u00dcr\u00fcn A\u00e7\u0131klama \/ Type<\/th><th class=\"column-3\">Model<\/th><th class=\"column-4\">Uzunluk \/ Lenght mm<\/th>\n<\/tr>\n<\/thead>\n<tbody class=\"row-hover\">\n<tr class=\"row-2 even\">\n\t<td class=\"column-1\">2 1 1 0 0 2<\/td><td class=\"column-2\">Yemek \u00c7atal \/ Table Fork 304 KAL\u0130TE<\/td><td class=\"column-3\">Ven\u00fcs<\/td><td class=\"column-4\">200 mm, kal\u0131nl\u0131k: 2 mm<\/td>\n<\/tr>\n<tr class=\"row-3 odd\">\n\t<td class=\"column-1\">2 1 1 0 1 9<\/td><td class=\"column-2\">Yemek Ka\u015f\u0131k \/ Table Spoon 304 KAL\u0130TE<\/td><td class=\"column-3\">Ven\u00fcs<\/td><td class=\"column-4\">200 mm, kal\u0131nl\u0131k: 2 mm<\/td>\n<\/tr>\n<tr class=\"row-4 even\">\n\t<td class=\"column-1\">2 1 1 0 2 6<\/td><td class=\"column-2\">Yemek B\u0131\u00e7ak \/ Table Knife 304 KAL\u0130TE<\/td><td class=\"column-3\">Ven\u00fcs<\/td><td class=\"column-4\">230 mm, kal\u0131nl\u0131k: 3 mm<\/td>\n<\/tr>\n<tr class=\"row-5 odd\">\n\t<td class=\"column-1\">2 1 1 0  40<\/td><td class=\"column-2\">Ord\u00f6vr \u00c7atal \/ Appetizer Fork<\/td><td class=\"column-3\">Ven\u00fcs<\/td><td class=\"column-4\">186<\/td>\n<\/tr>\n<tr class=\"row-6 even\">\n\t<td class=\"column-1\">2 1 1 0 5 7<\/td><td class=\"column-2\">Ord\u00f6vr Ka\u015f\u0131k \/ Appetizer Spoon<\/td><td class=\"column-3\">Ven\u00fcs<\/td><td class=\"column-4\">186<\/td>\n<\/tr>\n<tr class=\"row-7 odd\">\n\t<td class=\"column-1\">2 1 1 0 6 4<\/td><td class=\"column-2\">Ord\u00f6vr B\u0131\u00e7ak \/ Appetizer Knife<\/td><td class=\"column-3\">Ven\u00fcs<\/td><td class=\"column-4\">190<\/td>\n<\/tr>\n<tr class=\"row-8 even\">\n\t<td class=\"column-1\">2 1 1 0 7 1<\/td><td class=\"column-2\">Tatl\u0131 \u00c7atal \/ Dessert Fork<\/td><td class=\"column-3\">Ven\u00fcs<\/td><td class=\"column-4\">156<\/td>\n<\/tr>\n<tr class=\"row-9 odd\">\n\t<td class=\"column-1\">2 1 1 0 8 8<\/td><td class=\"column-2\">Tatl\u0131 Ka\u015f\u0131k \/ Dessert Spoon<\/td><td class=\"column-3\">Ven\u00fcs<\/td><td class=\"column-4\">156<\/td>\n<\/tr>\n<tr class=\"row-10 even\">\n\t<td class=\"column-1\">2 1 1 0 9 5<\/td><td class=\"column-2\">Tatl\u0131 B\u0131\u00e7ak \/ Dessert Knife<\/td><td class=\"column-3\">Ven\u00fcs<\/td><td class=\"column-4\">184<\/td>\n<\/tr>\n<tr class=\"row-11 odd\">\n\t<td class=\"column-1\">2 1 1 1 3 2<\/td><td class=\"column-2\">Dondurma Ka\u015f\u0131k \/ Ice Cream Spoon<\/td><td class=\"column-3\">Ven\u00fcs<\/td><td class=\"column-4\">145<\/td>\n<\/tr>\n<tr class=\"row-12 even\">\n\t<td class=\"column-1\">2 1 1 1 1 8<\/td><td class=\"column-2\">\u00c7ay Ka\u015f\u0131k \/ Demi Tasse Spoon<\/td><td class=\"column-3\">Ven\u00fcs<\/td><td class=\"column-4\">109<\/td>\n<\/tr>\n<tr class=\"row-13 odd\">\n\t<td class=\"column-1\">2 1 1 1 2 5<\/td><td class=\"column-2\">Kahve Ka\u015f\u0131k \/ Coffee Spoon<\/td><td class=\"column-3\">Ven\u00fcs<\/td><td class=\"column-4\">127<\/td>\n<\/tr>\n<tr class=\"row-14 even\">\n\t<td class=\"column-1\">2 1 1 1 4 9<\/td><td class=\"column-2\">Bal\u0131k \u00c7atal \/ Fish Fork<\/td><td class=\"column-3\">Ven\u00fcs<\/td><td class=\"column-4\">193<\/td>\n<\/tr>\n<tr class=\"row-15 odd\">\n\t<td class=\"column-1\">2 1 1 1 5 6<\/td><td class=\"column-2\">Bal\u0131k B\u0131\u00e7ak \/ Fish Knife<\/td><td class=\"column-3\">Ven\u00fcs<\/td><td class=\"column-4\">211<\/td>\n<\/tr>\n<\/tbody>\n<\/table>\n<!-- #tablepress-8 from cache -->[\/et_pb_code][\/et_pb_column][\/et_pb_row][et_pb_row _builder_version=&#8220;4.16&#8243; _module_preset=&#8220;default&#8220; locked=&#8220;off&#8220; global_colors_info=&#8220;{}&#8220;][et_pb_column type=&#8220;4_4&#8243; _builder_version=&#8220;4.16&#8243; _module_preset=&#8220;default&#8220; global_colors_info=&#8220;{}&#8220;][et_pb_text _builder_version=&#8220;4.19.4&#8243; _module_preset=&#8220;default&#8220; hover_enabled=&#8220;0&#8243; global_colors_info=&#8220;{}&#8220; sticky_enabled=&#8220;0&#8243;]<\/p>\n<h2>Galerie<\/h2>\n<p>[\/et_pb_text][dipl_masonry_gallery image_ids=&#8220;905&#8243; number_of_columns=&#8220;3&#8243; image_size=&#8220;full&#8220; enable_lightbox=&#8220;on&#8220; _builder_version=&#8220;4.16&#8243; _module_preset=&#8220;default&#8220; global_colors_info=&#8220;{}&#8220;][\/dipl_masonry_gallery][\/et_pb_column][\/et_pb_row][\/et_pb_section]<\/p>\n","protected":false},"excerpt":{"rendered":"<p>PRODUKTMERKMALE Dicke 2,50 mm Hergestellt aus 18\/10 AISI 304 Qualit\u00e4ts-Edelstahl. Die Klingen werden aus rostfreiem Stahl AISI 420 im Warmschmiedeverfahren hergestellt. Die Klingen haben die Eigenschaft, das Porzellan nicht zu zerkratzen. Es ist korrosionsbest\u00e4ndig. Die Sch\u00e4rfe ist durch das spezielle Verfahren, das auf die Klingen angewendet wird, auf h\u00f6chstem Niveau. Die Oberfl\u00e4chen werden auf Hochglanz [&hellip;]<\/p>\n","protected":false},"author":1,"featured_media":0,"parent":2579,"menu_order":0,"comment_status":"closed","ping_status":"closed","template":"","meta":{"_et_pb_use_builder":"on","_et_pb_old_content":"","_et_gb_content_width":"","footnotes":""},"dipi_cpt_category":[],"class_list":["post-2522","page","type-page","status-publish","hentry"],"_links":{"self":[{"href":"https:\/\/dizdarsteel.com\/de\/wp-json\/wp\/v2\/pages\/2522","targetHints":{"allow":["GET"]}}],"collection":[{"href":"https:\/\/dizdarsteel.com\/de\/wp-json\/wp\/v2\/pages"}],"about":[{"href":"https:\/\/dizdarsteel.com\/de\/wp-json\/wp\/v2\/types\/page"}],"author":[{"embeddable":true,"href":"https:\/\/dizdarsteel.com\/de\/wp-json\/wp\/v2\/users\/1"}],"replies":[{"embeddable":true,"href":"https:\/\/dizdarsteel.com\/de\/wp-json\/wp\/v2\/comments?post=2522"}],"version-history":[{"count":1,"href":"https:\/\/dizdarsteel.com\/de\/wp-json\/wp\/v2\/pages\/2522\/revisions"}],"predecessor-version":[{"id":3011,"href":"https:\/\/dizdarsteel.com\/de\/wp-json\/wp\/v2\/pages\/2522\/revisions\/3011"}],"up":[{"embeddable":true,"href":"https:\/\/dizdarsteel.com\/de\/wp-json\/wp\/v2\/pages\/2579"}],"wp:attachment":[{"href":"https:\/\/dizdarsteel.com\/de\/wp-json\/wp\/v2\/media?parent=2522"}],"wp:term":[{"taxonomy":"dipi_cpt_category","embeddable":true,"href":"https:\/\/dizdarsteel.com\/de\/wp-json\/wp\/v2\/dipi_cpt_category?post=2522"}],"curies":[{"name":"wp","href":"https:\/\/api.w.org\/{rel}","templated":true}]}}